{"id":14,"date":"2011-08-04T18:03:06","date_gmt":"2011-08-04T16:03:06","guid":{"rendered":"http:\/\/taschenfreak.de\/blog\/"},"modified":"2024-09-04T14:31:22","modified_gmt":"2024-09-04T12:31:22","slug":"impressum","status":"publish","type":"page","link":"https:\/\/taschenfreak.de\/blog\/impressum\/","title":{"rendered":"Impressum"},"content":{"rendered":"<h1><strong>Impressum<\/strong><\/h1>\n<p>J\u00f6rg Langer<br \/>\nSchwarzWeissOnline &#8211; FOTO &#8211; VIDEO &#8211; MEDIEN<br \/>\nK\u00f6pperner Str. 4<br \/>\n61273 Wehrheim<\/p>\n<h3>Kontakt<\/h3>\n<p>Telefon: +49 (0) 151 23053990<br \/>\nE-Mail: emotionen@SchwarzWeissOnline.de<\/p>\n<h3>Umsatzsteuer-ID<\/h3>\n<p>Umsatzsteuer-Identifikationsnummer gem\u00e4\u00df \u00a7 27 a Umsatzsteuergesetz:<br \/>\nDE266199239<\/p>\n<h3>Angaben zur Berufshaftpflichtversicherung<\/h3>\n<p>Name und Sitz des Versicherers:<br \/>\nZurich Insurance plc<br \/>\nNiederlassung fu\u0308r Deutschland<br \/>\n53287 Bonn<\/p>\n<h3>Geltungsraum der Versicherung:<\/h3>\n<p>Europa<\/p>\n<h3>Redaktionell verantwortlich<\/h3>\n<p>J\u00f6rg Langer &amp; Antje Teichler<br \/>\nK\u00f6pperner Str. 4<br \/>\n61273 Wehrheim<\/p>\n<h3>EU-Streitschlichtung<\/h3>\n<p>Die Europ\u00e4ische Kommission stellt eine Plattform zur Online-Streitbeilegung (OS) bereit:<br \/>\nhttps:\/\/ec.europa.eu\/consumers\/odr\/.<\/p>\n<p>Unsere E-Mail-Adresse finden Sie oben im Impressum.<\/p>\n<hr>\n<p><strong>Wichtiger Hinweis in Sachen &#8222;Werbung&#8220;<\/strong><\/p>\n<p>Meine Blogbeitr\u00e4ge und Videos sind Gluten-, Glukose- und Laktosefrei, k\u00f6nnen aber Spuren von Werbung beinhalten da ich die Artikel ab und zu kostenlos zur Verf\u00fcgung gestellt bekomme.<\/p>\n<p>Meine Meinung ist frei von kommerziellen Einfl\u00fcssen, kann aber Spuren von Sarkasmus oder Ironie beinhalten.<\/p>\n<p>Dieser Blog verfolgt keine kommerziellen Absichten. Die meisten mir zur Verf\u00fcgung gestellten Taschen verschenke ich oder verlose die f\u00fcr gute Zwecke. Meine treuen Leser wissen das seit Jahren. Ich betreibe diesen Blog aus Spa\u00df an der Sache und nicht aus kommerziellen Absichten. Das mag in der heutigen Zeit eher ungew\u00f6hnlich sein. Mit diesem Schock m\u00fcsst Ihr leider zurecht kommen.<\/p>\n<hr>\n<p>Dieses Page ist weder kommerziell noch wird diese gesch\u00e4ftlich genutzt. Wir sind Privatpersonen die Ihre Erfahrungen und die der anderen Teilen und diese Online zur Verf\u00fcgung stellen.<\/p>\n<p>Hier geht es nicht um Online-Shopping, Umsatz und Marge- sondern um Bilder und Erfahrungen der einzelnen User \u2013 einen Warenkorb oder einen \u201cBestellen-Button\u201d wirst Duhier vergeblich suchen.<\/p>\n<p>Daf\u00fcr kannst Du gerne unsere empfohlenen H\u00e4ndler kontaktieren, deren Banner Du auf vielen Seiten auf Taschenfreak.de findest.<\/p>\n","protected":false},"excerpt":{"rendered":"<p>Impressum J\u00f6rg Langer SchwarzWeissOnline &#8211; FOTO &#8211; VIDEO &#8211; MEDIEN K\u00f6pperner Str. 4 61273 Wehrheim Kontakt Telefon: +49 (0) 151 23053990 E-Mail: emotionen@SchwarzWeissOnline.de Umsatzsteuer-ID Umsatzsteuer-Identifikationsnummer gem\u00e4\u00df \u00a7 27 a Umsatzsteuergesetz: DE266199239 Angaben zur Berufshaftpflichtversicherung Name und Sitz des Versicherers: Zurich Insurance plc Niederlassung fu\u0308r Deutschland 53287 Bonn Geltungsraum der Versicherung: Europa Redaktionell verantwortlich J\u00f6rg Langer&hellip;<\/p>\n","protected":false},"author":3,"featured_media":0,"parent":0,"menu_order":99,"comment_status":"closed","ping_status":"closed","template":"","meta":{"ngg_post_thumbnail":0,"footnotes":"","_links_to":"","_links_to_target":""},"class_list":["post-14","page","type-page","status-publish","hentry"],"jetpack_shortlink":"https:\/\/wp.me\/P4GMND-e","jetpack_sharing_enabled":true,"_links":{"self":[{"href":"https:\/\/taschenfreak.de\/blog\/wp-json\/wp\/v2\/pages\/14","targetHints":{"allow":["GET"]}}],"collection":[{"href":"https:\/\/taschenfreak.de\/blog\/wp-json\/wp\/v2\/pages"}],"about":[{"href":"https:\/\/taschenfreak.de\/blog\/wp-json\/wp\/v2\/types\/page"}],"author":[{"embeddable":true,"href":"https:\/\/taschenfreak.de\/blog\/wp-json\/wp\/v2\/users\/3"}],"replies":[{"embeddable":true,"href":"https:\/\/taschenfreak.de\/blog\/wp-json\/wp\/v2\/comments?post=14"}],"version-history":[{"count":3,"href":"https:\/\/taschenfreak.de\/blog\/wp-json\/wp\/v2\/pages\/14\/revisions"}],"predecessor-version":[{"id":12544,"href":"https:\/\/taschenfreak.de\/blog\/wp-json\/wp\/v2\/pages\/14\/revisions\/12544"}],"wp:attachment":[{"href":"https:\/\/taschenfreak.de\/blog\/wp-json\/wp\/v2\/media?parent=14"}],"curies":[{"name":"wp","href":"https:\/\/api.w.org\/{rel}","templated":true}]}}