{"id":469,"date":"2012-01-05T19:57:56","date_gmt":"2012-01-05T18:57:56","guid":{"rendered":"http:\/\/taschenfreak.de\/blog\/?page_id=469"},"modified":"2026-03-22T21:45:11","modified_gmt":"2026-03-22T20:45:11","slug":"rucksack-mit-notebookfach-ohne-daypack","status":"publish","type":"page","link":"https:\/\/taschenfreak.de\/blog\/nachart\/rucksack-mit-notebookfach-ohne-daypack\/","title":{"rendered":"Rucksack mit Notebookfach ohne Daypack"},"content":{"rendered":"<ul>\n<li><a href=\"https:\/\/taschenfreak.de\/blog\/2019\/03\/20\/der-grosse-rucksack-vergleich-auf-taschenfreak-maerz-2019\/\">Der gro\u00dfe Rucksack-Vergleich &#8211; TOP 12 Rucks\u00e4cke (M\u00e4rz 2019)<\/a><\/li>\n<\/ul>\n<hr>\n<p><span style=\"text-decoration: underline;\">ALEON CASES:<\/span><\/p>\n<ul>\n<li><a href=\"https:\/\/taschenfreak.de\/blog\/2021\/03\/04\/ein-alu-koffer-auf-dem-ruecken-der-aleon-cases-17-zoll-backpack-in-der-betrachtung\/\">ALEON CASES 17 ZOLL BACKPACK<\/a><\/li>\n<\/ul>\n<p><span style=\"text-decoration: underline;\">Benro:<\/span><\/p>\n<ul>\n<li><a href=\"https:\/\/taschenfreak.de\/blog\/2013\/11\/03\/benro-ranger-pro-600n-der-grose-rucksack-von-benro\/\">Benro Ranger Pro 600N<\/a><\/li>\n<\/ul>\n<p><span style=\"text-decoration: underline;\">Bilora:<\/span><\/p>\n<ul>\n<li><a href=\"http:\/\/www.taschenfreak.de\/TASCHEN\/BILORA\/Backpack2-321-R\/index.htm\" target=\"_blank\" rel=\"noopener noreferrer\">Bilora Backpack 2: R-321<\/a><\/li>\n<\/ul>\n<p><span style=\"text-decoration: underline;\">Booq:<\/span><\/p>\n<ul>\n<li><a href=\"https:\/\/taschenfreak.de\/blog\/2016\/01\/04\/schlicht-aber-sehr-edel-der-neue-booq-slimpack-fotorucksack\/\">Booq Slimpack (Pressemeldung)<\/a><\/li>\n<li><a href=\"https:\/\/taschenfreak.de\/blog\/2016\/01\/23\/der-booq-slimpack-grau-schlicht-bequem-unscheinbar-schick\/\">Booq Slimpack<\/a><\/li>\n<\/ul>\n<p><span style=\"text-decoration: underline;\">Burton:<\/span><\/p>\n<ul>\n<li><a href=\"https:\/\/taschenfreak.de\/blog\/2014\/05\/01\/der-burton-f-stop-pack-28l-von-moritz-kaufmann\/\">Burton F-Stop Pack 28L<\/a><\/li>\n<\/ul>\n<p><span style=\"text-decoration: underline;\">Canon:<\/span><\/p>\n<ul>\n<li><a href=\"http:\/\/www.taschenfreak.de\/TASCHEN\/CANON\/CPSRucksack\/index.htm\" target=\"_blank\" rel=\"noopener noreferrer\">Canon CPS Rucksack<\/a><\/li>\n<\/ul>\n<p><span style=\"text-decoration: underline;\">Calument:<\/span><\/p>\n<ul>\n<li><a href=\"http:\/\/www.taschenfreak.de\/TASCHEN\/CALUMET\/BP1500\/index.htm\" target=\"_blank\" rel=\"noopener noreferrer\">Calument BP1500<\/a><\/li>\n<\/ul>\n<p><span style=\"text-decoration: underline;\">Crumpler:<\/span><\/p>\n<ul>\n<li><a href=\"http:\/\/www.taschenfreak.de\/TASCHEN\/CRUMPLER\/HotBriansTub\/index.htm\" target=\"_blank\" rel=\"noopener noreferrer\">Crumpler Brians HotTub<\/a><\/li>\n<li><a href=\"http:\/\/www.taschenfreak.de\/TASCHEN\/CRUMPLER\/FormalLounge\/index.htm\" target=\"_blank\" rel=\"noopener noreferrer\">Crumpler Formal Lounge<\/a><\/li>\n<li><a href=\"http:\/\/www.taschenfreak.de\/TASCHEN\/CRUMPLER\/PonyBox\/index.htm\" target=\"_blank\" rel=\"noopener noreferrer\">Crumpler Pony Box<\/a><\/li>\n<li><a href=\"http:\/\/www.taschenfreak.de\/TASCHEN\/CRUMPLER\/PyjamaPride\/index.htm\" target=\"_blank\" rel=\"noopener noreferrer\">Crumpler Pyjama Pride<\/a><\/li>\n<li><a href=\"http:\/\/www.taschenfreak.de\/TASCHEN\/CRUMPLER\/The_Karachi_Outpost\/index.htm\" target=\"_blank\" rel=\"noopener noreferrer\">Crumpler The Karachi Outpost<\/a><\/li>\n<li><a href=\"http:\/\/www.taschenfreak.de\/TASCHEN\/CRUMPLER\/ThePuppet\/index.htm\" target=\"_blank\" rel=\"noopener noreferrer\">Crumpler The Puppet<\/a><\/li>\n<li><a href=\"http:\/\/www.taschenfreak.de\/TASCHEN\/CRUMPLER\/TheShrinkle\/index.htm\" target=\"_blank\" rel=\"noopener noreferrer\">Crumpler The Shrinkle<\/a><\/li>\n<li><a href=\"http:\/\/www.taschenfreak.de\/TASCHEN\/CRUMPLER\/Zoomiverse\/index.htm\" target=\"_blank\" rel=\"noopener noreferrer\">Crumpler Zoomiverse<\/a><\/li>\n<li><a href=\"http:\/\/www.taschenfreak.de\/TASCHEN\/CRUMPLER\/ZoomiverseXL\/index.htm\" target=\"_blank\" rel=\"noopener noreferrer\">Crumpler Zoomiverse XL<\/a><\/li>\n<\/ul>\n<p><span style=\"text-decoration: underline;\">Cullmann:<\/span><\/p>\n<ul>\n<li><a href=\"http:\/\/www.taschenfreak.de\/TASCHEN\/CULLMANN\/BackPack600\/index.htm\" target=\"_blank\" rel=\"noopener noreferrer\">Cullmann Back Pack 600<\/a><\/li>\n<li><a href=\"http:\/\/www.taschenfreak.de\/TASCHEN\/CULLMANN\/COMO3FLEX\/index.htm\" target=\"_blank\" rel=\"noopener noreferrer\">Cullmann COMO3Flex<\/a><\/li>\n<li><a href=\"http:\/\/www.taschenfreak.de\/TASCHEN\/CULLMANN\/Faro_Explorer_IT\/index.htm\" target=\"_blank\" rel=\"noopener noreferrer\">Cullmann Faro Explorer IT&nbsp;<\/a><\/li>\n<\/ul>\n<p><span style=\"text-decoration: underline;\">Dakine:<\/span><\/p>\n<ul>\n<li><a href=\"https:\/\/taschenfreak.de\/blog\/2017\/04\/18\/ein-unterschaetzter-fotorucksack-der-dakine-photo-mission-25l\">Dakine Photo Mission 25L (mit Video)<\/a><\/li>\n<li><a href=\"https:\/\/taschenfreak.de\/blog\/2017\/04\/23\/der-dakine-photo-mission-25l-von-hanno-eine-reiserucksack-beladung\/\">Dakine Photo Mission 25L<\/a><\/li>\n<li><a href=\"http:\/\/www.taschenfreak.de\/TASCHEN\/DAKINE\/RELOAD\/index.htm\" target=\"_blank\" rel=\"noopener noreferrer\">Dakine Reloade<\/a><\/li>\n<li><a href=\"https:\/\/taschenfreak.de\/blog\/2012\/09\/03\/was-ist-in-deiner-tasche-dakine-sequence\/\">Dakine Sequence<\/a><\/li>\n<\/ul>\n<p><span style=\"text-decoration: underline;\">Delsey:<\/span><\/p>\n<ul>\n<li><a href=\"http:\/\/www.taschenfreak.de\/TASCHEN\/DELSEY\/53\/index.htm\" target=\"_blank\" rel=\"noopener noreferrer\">Delsey 53<\/a><\/li>\n<li><a href=\"http:\/\/www.taschenfreak.de\/TASCHEN\/DELSEY\/XEO\/index.htm\" target=\"_blank\" rel=\"noopener noreferrer\">Delsey XEO<\/a><\/li>\n<\/ul>\n<p><span style=\"text-decoration: underline;\">D\u00f6rr:<\/span><\/p>\n<ul>\n<li><a href=\"https:\/\/taschenfreak.de\/blog\/2015\/12\/11\/this-bag-is-not-a-toy-doerr-icebreaker-2-0-zu-gewinnen\/\">D\u00f6rr Icebreaker 2.0 Medium<\/a><\/li>\n<\/ul>\n<p><span style=\"text-decoration: underline;\">Domke:<\/span><\/p>\n<ul>\n<li><a href=\"http:\/\/www.taschenfreak.de\/TASCHEN\/DOMKE\/RUCKSACK-SAND\/index.htm\" target=\"_blank\" rel=\"noopener noreferrer\">Domke Rucksack Sandfarben<\/a><\/li>\n<\/ul>\n<p><span style=\"text-decoration: underline;\">f-Stop Gear:<\/span><\/p>\n<ul>\n<li><a href=\"https:\/\/taschenfreak.de\/blog\/2018\/07\/14\/der-f-stop-gear-lotus-in-der-naeheren-betrachtung-beim-taschenfreak\/\">f-Stop Gear LOTUS (inkl. ICO Large Pro und ICU Small Pro und Laptop Sleeve)<\/a><\/li>\n<li><a href=\"https:\/\/taschenfreak.de\/blog\/2018\/08\/23\/der-f-stop-gear-lotus-nach-einigen-wochen-im-einsatz-oder-der-zweite-eindruck\/\">f-Stop Gear LOTUS und ICU Large Pro und ICU Small Pro &#8211; der zweite Eindruck<\/a><\/li>\n<\/ul>\n<p><span style=\"text-decoration: underline;\">Kata:<\/span><\/p>\n<ul>\n<li><a href=\"http:\/\/www.taschenfreak.de\/TASCHEN\/KATA\/HB207\/index.htm\" target=\"_blank\" rel=\"noopener noreferrer\">Kata HB207<\/a><\/li>\n<li><a href=\"http:\/\/www.taschenfreak.de\/TASCHEN\/KATA\/R-103\/index.htm\" target=\"_blank\" rel=\"noopener noreferrer\">Kata R-103<\/a><\/li>\n<\/ul>\n<p><span style=\"text-decoration: underline;\">Lowepro:<\/span><\/p>\n<ul>\n<li><a href=\"http:\/\/www.taschenfreak.de\/TASCHEN\/LP\/CompuDaypack\/index.htm\" target=\"_blank\" rel=\"noopener noreferrer\">Lowepro Compu Daypack<\/a><\/li>\n<li><a href=\"http:\/\/www.taschenfreak.de\/TASCHEN\/LP\/CompuTrekkerAW\/index.htm\" target=\"_blank\" rel=\"noopener noreferrer\">Lowepro Compu Trekker AW<\/a><\/li>\n<li><a href=\"http:\/\/www.taschenfreak.de\/TASCHEN\/LP\/CompuTrekkerAW-MF\/index.htm\" target=\"_blank\" rel=\"noopener noreferrer\">Lowepro Compu Trekker AW mit DSLR und Mittelformat<\/a><\/li>\n<li><a href=\"http:\/\/www.taschenfreak.de\/TASCHEN\/LP\/CTPlusAW\/index.htm\" target=\"_blank\" rel=\"noopener noreferrer\">Lowepro Compu Trekker Plus AW<\/a><\/li>\n<li><a href=\"https:\/\/taschenfreak.de\/blog\/2012\/11\/21\/der-lowepro-pro-runner-als-packbeispiel-eines-nikon-users\/\">Lowepro Pro Runner 300 AW<\/a><\/li>\n<li><a href=\"http:\/\/www.taschenfreak.de\/TASCHEN\/LP\/ProRunner450AW\/index.htm\" target=\"_blank\" rel=\"noopener noreferrer\">Lowepro Pro Runner 450 AW<\/a><\/li>\n<li><a href=\"https:\/\/taschenfreak.de\/blog\/2018\/03\/01\/der-lowepro-protactic-450-aw-von-peter-eberhardt\/\">Lowepro ProTactic 450 AW V1<\/a> \/ <a href=\"https:\/\/taschenfreak.de\/blog\/2018\/12\/03\/packbeispiel-der-lowepro-protactic-450-aw-rucksack-von-patrick-artmann\/\">Lowepro ProTactiv 450 AW V1<\/a><\/li>\n<li><a href=\"https:\/\/taschenfreak.de\/blog\/2019\/04\/25\/das-kult-set-der-lowepro-protactic-bp450-aw-ii-und-das-gitzo-traveler-ii\/\">Lowepro ProTactic BP 450 AW II<\/a><\/li>\n<li><a href=\"https:\/\/taschenfreak.de\/blog\/2012\/09\/03\/der-lowepro-pro-trekker-300-aw-von-oliver\/\">Lowepro Pro Trekker 300 AW<\/a><\/li>\n<li><a href=\"https:\/\/taschenfreak.de\/blog\/2013\/05\/02\/vergleich-lowepro-pro-trekker-400aw-und-thinktank-airport-accelerator\/\">Lowepro Pro Trekker 400 AW (im Vergleich mit Think Tank Airport Accelerator)<\/a><\/li>\n<li><a href=\"http:\/\/www.taschenfreak.de\/TASCHEN\/LP\/ProTrekker600AW\/index.htm\" target=\"_blank\" rel=\"noopener noreferrer\">Lowepro Pro Trekker 600 AW<\/a><\/li>\n<li><a href=\"http:\/\/www.taschenfreak.de\/TASCHEN\/LP\/RoadRunnerMiniAW\/index.htm\" target=\"_blank\" rel=\"noopener noreferrer\">Lowepro Road Runner Mini AW<\/a><\/li>\n<li><a href=\"http:\/\/www.taschenfreak.de\/TASCHEN\/LP\/RollingComputrekkerAW\/index.htm\" target=\"_blank\" rel=\"noopener noreferrer\">Lowepro Rolling Compu Trekker Plus AW<\/a><\/li>\n<li><a href=\"https:\/\/taschenfreak.de\/blog\/2013\/03\/02\/kletter-oder-fotorucksack-der-lowepro-rover-pro-45l-aw\/\">Lowepro Rover Pro 45L AW<\/a><\/li>\n<li><a href=\"http:\/\/www.taschenfreak.de\/TASCHEN\/LP\/StealthII\/index.htm\" target=\"_blank\" rel=\"noopener noreferrer\">Lowepro Stealth II AW<\/a><\/li>\n<li><a href=\"http:\/\/www.taschenfreak.de\/TASCHEN\/LP\/SuperTrekkerAW\/index.htm\" target=\"_blank\" rel=\"noopener noreferrer\">Lowepro Super Trekker AW<\/a><\/li>\n<li><a href=\"https:\/\/taschenfreak.de\/blog\/2013\/10\/25\/der-lowepro-transit-350-aw-neu-auf-taschenfreak-de\">Lowepro Transit 350 AW<\/a>&nbsp;\/&nbsp;<a href=\"https:\/\/taschenfreak.de\/blog\/2014\/02\/07\/der-lowepro-trasit-backpack-350-aw-von-miguel\/\">Lowepro Transit Backpack 350 AW<\/a><\/li>\n<li><a href=\"http:\/\/www.taschenfreak.de\/TASCHEN\/LP\/Vertex100AW\/index.htm\" target=\"_blank\" rel=\"noopener noreferrer\">Lowepro Vertex 100 AW<\/a><\/li>\n<li><a href=\"http:\/\/www.taschenfreak.de\/TASCHEN\/LP\/Vertex200AW\/index.htm\" target=\"_blank\" rel=\"noopener noreferrer\">Lowepro Vertex 200 AW<\/a>&nbsp;\/ <a href=\"https:\/\/taschenfreak.de\/blog\/2012\/09\/03\/der-vertex-200-aw-von-lowepro-hier-ein-packbeispiel\/\">Lowepro Vertex 200 AW<\/a>&nbsp;\/ <a href=\"https:\/\/taschenfreak.de\/blog\/2013\/02\/21\/packbeispiel-lowepro-vertex-200-aw\/\">Lowepro Vertex 200AW<\/a><\/li>\n<li><a href=\"http:\/\/www.taschenfreak.de\/TASCHEN\/LP\/Vertex300AW\/index.htm\" target=\"_blank\" rel=\"noopener noreferrer\">Lowepro Vertex 300 AW<\/a>&nbsp;\/ <a href=\"https:\/\/taschenfreak.de\/blog\/2012\/08\/26\/was-ist-in-deiner-tasche-lowepro-vertex-300aw\/\">Lowepro Vertex 300AW<\/a>&nbsp;\/<br \/>\n<a href=\"https:\/\/taschenfreak.de\/blog\/2014\/11\/17\/packbeispiel-lowepro-vertex-300-mit-mittelformat\/\">Lowepro Vertex 300 AW mit Mittelformat<\/a>&nbsp;\/ <a href=\"https:\/\/taschenfreak.de\/blog\/2015\/08\/25\/packbeispiel-lowepro-vertex-300-aw\/\">Lowepro Vertex 300 AW<\/a><\/li>\n<\/ul>\n<p><span style=\"text-decoration: underline;\">Manfrotto:<\/span><\/p>\n<ul>\n<li><a href=\"https:\/\/taschenfreak.de\/blog\/2014\/03\/30\/es-scheint-doch-die-eierlegende-wollmilchsau-zu-geben-in-sachen-rucksack-manfrotto-professional-backpack-30\/\">Manfrotto Professional Backpack 30<\/a><\/li>\n<li><a href=\"https:\/\/taschenfreak.de\/blog\/2019\/05\/12\/trolley-koffer-und-rucksack-in-einem-manfrotto-pro-light-reloader-switch-55\/\">Manfrotto Pro Light Reloader Switch-55<\/a><\/li>\n<\/ul>\n<p><span style=\"text-decoration: underline;\">Mantona:<\/span><\/p>\n<ul>\n<li><a href=\"https:\/\/taschenfreak.de\/blog\/2015\/10\/28\/klassisch-bequem-bezahlbar-brauchbar-mantona-azurit-fotorucksack\/\">Mantona Azurit Fotorucksack mit Reisestativ DSLM<\/a><\/li>\n<\/ul>\n<p><span style=\"text-decoration: underline;\">MindShift Gear:<\/span><\/p>\n<ul>\n<li><a href=\"https:\/\/taschenfreak.de\/blog\/2019\/06\/01\/der-mindshift-gear-photocross-15-pack-ein-vielseitiges-leichtgewicht-fuer-den-ruecken\/\">MindShift Gear Photocross 15 Pack<\/a><\/li>\n<li><a href=\"https:\/\/taschenfreak.de\/blog\/2018\/04\/07\/mindshift-gear-trailscape-18l-compact-but-high-capacity-outdoor-photography-backpack-was-geht-wirklich-rein\/\">MindShift Gear TrailScape 18L<\/a><\/li>\n<\/ul>\n<p><span style=\"text-decoration: underline;\">Naneu:<\/span><\/p>\n<ul>\n<li><a href=\"http:\/\/www.taschenfreak.de\/TASCHEN\/NANEU\/PRO-U120\/index.htm\" target=\"_blank\" rel=\"noopener noreferrer\">Naneu Pro U-102<\/a><\/li>\n<\/ul>\n<p><span style=\"text-decoration: underline;\">Oberwerth:<\/span><\/p>\n<ul>\n<li><a href=\"https:\/\/taschenfreak.de\/blog\/2020\/06\/15\/der-everest-der-gar-nicht-nach-berg-aussieht-der-oberwerth-everest-backpack\/\">Oberwerth EVEREST<\/a><\/li>\n<li><a href=\"https:\/\/taschenfreak.de\/blog\/2021\/06\/29\/ein-rucksack-wie-jeder-andere-oberwerth-matterhorn\/\">Oberwerth MATTERHORN<\/a><\/li>\n<\/ul>\n<p><span style=\"text-decoration: underline;\">PeakDesign:<\/span><\/p>\n<ul>\n<li><a href=\"https:\/\/taschenfreak.de\/blog\/2017\/02\/23\/der-peakdesign-everyday-backpack-30-in-der-naeheren-betrachtung-beim-taschenfreak-video\/\">PeakDesign Everyday Backpack 30 (Ash)<\/a><\/li>\n<\/ul>\n<p><span style=\"text-decoration: underline;\">Quentis:<\/span><\/p>\n<ul>\n<li><a href=\"http:\/\/www.taschenfreak.de\/TASCHEN\/QUENTIS\/PROFI-EXPEDITION\/index.htm\" target=\"_blank\" rel=\"noopener noreferrer\">Quentis Profi Expedition<\/a><\/li>\n<\/ul>\n<p><span style=\"text-decoration: underline;\">Shimoda:<\/span><\/p>\n<ul>\n<li><a href=\"https:\/\/taschenfreak.de\/blog\/2022\/02\/15\/der-taschenfreak-checkt-das-shimoda-explore-v2-35l-starter-kit\/\">Shimoda Explore V2 35L Starter Kit<\/a><\/li>\n<li><a href=\"https:\/\/taschenfreak.de\/blog\/2024\/07\/09\/shimoda-urban-explore-30-was-kann-der-taugt-der-als-hochzeitsfotografen-backpack\/\">Shimoda Urban Explore 30<\/a><\/li>\n<\/ul>\n<p><span style=\"text-decoration: underline;\">SKB:<\/span><\/p>\n<ul>\n<li><a href=\"https:\/\/taschenfreak.de\/blog\/2019\/02\/13\/rucksack-im-koffer-skb-3i-2011-7bp-hartschalen-trolley-by-think-tank-photo\/\">SKB 3i-2011-7BP Hartschalen Trolley mit Fotorucksack (Design by Think Tank Photo)<\/a><\/li>\n<\/ul>\n<p><span style=\"text-decoration: underline;\">Tamrac:<\/span><\/p>\n<ul>\n<li><a href=\"http:\/\/www.taschenfreak.de\/TASCHEN\/TAMRAC\/5549-Adventure9\/index.htm\" target=\"_blank\" rel=\"noopener noreferrer\">Tamrac Adventure 9-5549<\/a><\/li>\n<li><a href=\"http:\/\/www.taschenfreak.de\/TASCHEN\/TAMRAC\/CyberPack8\/index.htm\" target=\"_blank\" rel=\"noopener noreferrer\">Tamrac Cyber Pack 8-5258<\/a><\/li>\n<li><a href=\"https:\/\/taschenfreak.de\/blog\/2012\/02\/05\/neu-tamrac-cyberpack-rolling-photolaptop-rucksack-5267\/\">Tamrac Cyper Pack Rolling &#8211; 5267<\/a><\/li>\n<li><a href=\"http:\/\/www.taschenfreak.de\/TASCHEN\/TAMRAC\/5259-CyberPack9\/index.htm\" target=\"_blank\" rel=\"noopener noreferrer\">Tamrac Cyber Pack 9 &#8211; 5259<\/a><\/li>\n<li><a href=\"https:\/\/taschenfreak.de\/blog\/2013\/08\/15\/tamrac-zuma-7-der-kleine-rucksack-fur-das-viele-zeugs\/\">Tamrac Zuma 7 &#8211; 5727<\/a><\/li>\n<li><a href=\"https:\/\/taschenfreak.de\/blog\/2012\/03\/22\/neu-der-neue-%e2%80%9etamrac-zuma-9-secure-traveler-kamera-rucksack-5729\/\">Tamrac Zuma 9 Secure Traveler &#8211; 5279<\/a><\/li>\n<\/ul>\n<p><span style=\"text-decoration: underline;\">Tatonka:<\/span><\/p>\n<ul>\n<li><a href=\"http:\/\/www.taschenfreak.de\/TASCHEN\/TATONKA\/DSLRPack\/index.htm\" target=\"_blank\" rel=\"noopener noreferrer\">Tatonka DSLR Pack<\/a><\/li>\n<li><a href=\"http:\/\/www.taschenfreak.de\/TASCHEN\/TATONKA\/NotebookRucksack\/index.htm\" target=\"_blank\" rel=\"noopener noreferrer\">Tatonka Notebook Rucksack<\/a><\/li>\n<li><a href=\"http:\/\/www.taschenfreak.de\/TASCHEN\/TATONKA\/MediaPack\/index.htm\" target=\"_blank\" rel=\"noopener noreferrer\">Tatonka Media Pack<\/a><\/li>\n<\/ul>\n<p><span style=\"text-decoration: underline;\">Tenba:<\/span><\/p>\n<ul>\n<li><a href=\"https:\/\/taschenfreak.de\/blog\/2019\/02\/17\/der-tenba-axis-24l-hat-was-der-hat-das-zeug-einer-meiner-liebsten-zu-werden\/\">Tenba AXIS 24l Tactical<\/a><\/li>\n<li><a href=\"https:\/\/taschenfreak.de\/blog\/2018\/10\/27\/der-neue-tenba-axis-32l-in-der-naeheren-betrachtung-beim-taschenfreak\/\" target=\"_blank\" rel=\"noopener noreferrer\">Tenba AXIS 32l Tactical<\/a><\/li>\n<li><a href=\"http:\/\/www.taschenfreak.de\/TASCHEN\/TENBA\/PB-17C\/index.htm\" target=\"_blank\" rel=\"noopener noreferrer\">Tenba PB-17C<\/a><\/li>\n<li><a href=\"https:\/\/taschenfreak.de\/blog\/2019\/02\/25\/tenba-shootout-24l\/\">Tenba Shootout 24L<\/a><\/li>\n<li><a href=\"https:\/\/taschenfreak.de\/blog\/2026\/03\/22\/tenba-solstice-v2-24l-backpack-der-perfekte-rucksack-fuer-mittelformat\/\">Tenba SOLSTICE V2 24L Backpack<\/a><\/li>\n<\/ul>\n<p><span style=\"text-decoration: underline;\">Think Tank Photo:<\/span><\/p>\n<ul>\n<li><a href=\"https:\/\/taschenfreak.de\/blog\/2019\/02\/13\/rucksack-im-koffer-skb-3i-2011-7bp-hartschalen-trolley-by-think-tank-photo\/\">SKB 3i-2011-7BP Hartschalen Trolley mit Fotorucksack (Design by Think Tank Photo)<\/a><\/li>\n<li><a href=\"http:\/\/www.taschenfreak.de\/TASCHEN\/THINKTANK\/AirportAcceleration\" target=\"_blank\" rel=\"noopener noreferrer\">Think Tank Photo Airport Acceleration<\/a><\/li>\n<li><a href=\"http:\/\/www.taschenfreak.de\/TASCHEN\/THINKTANK\/AirportAccelerationV2\/index.htm\" target=\"_blank\" rel=\"noopener noreferrer\">Think Tank Photo Airport Acceleration V 2.0<\/a><\/li>\n<li><a href=\"https:\/\/taschenfreak.de\/blog\/2013\/05\/02\/vergleich-lowepro-pro-trekker-400aw-und-thinktank-airport-accelerator\/\">Think Tank Photo Airport Accelerator&nbsp;(im Vergleich mit Pro Trekker 400 AW)<\/a><\/li>\n<li><a href=\"http:\/\/www.taschenfreak.de\/TASCHEN\/THINKTANK\/AirportAddicted\/index.htm\" target=\"_blank\" rel=\"noopener noreferrer\">Think Tank Photo Airport Addicted<\/a><\/li>\n<li><a href=\"http:\/\/www.taschenfreak.de\/TASCHEN\/THINKTANK\/AirportAddictedV2\/index.htm\" target=\"_blank\" rel=\"noopener noreferrer\">Think Tank Photo Airport Addicted V 2.0<\/a><\/li>\n<li><a href=\"http:\/\/www.taschenfreak.de\/TASCHEN\/THINKTANK\/AirportAntidote\/index.htm\" target=\"_blank\" rel=\"noopener noreferrer\">Think Tank Photo Airport Antidote<\/a><\/li>\n<li><a href=\"https:\/\/taschenfreak.de\/blog\/2012\/11\/21\/der-think-tank-airport-commuter-als-packbeispiel\/\">Think Tank Photo Airport Commuter<\/a>&nbsp;\/&nbsp;<a href=\"https:\/\/taschenfreak.de\/blog\/2013\/06\/13\/packbeispiel-think-tank-photo-airport-commuter-rucksack\/\">Think Tank Photo Airport Commuter<\/a> \/&nbsp;<a href=\"https:\/\/taschenfreak.de\/blog\/2023\/10\/04\/mein-butter-brot-rucksack-der-think-tank-photo-airport-commuter\/\">Think Tank Photo Airport Commuter<\/a> \/ <a href=\"https:\/\/taschenfreak.de\/blog\/2025\/05\/26\/think-tank-photo-rucksack-vergleich-walker-pro-30l-vs-dark-light-20l-vs-airport-commuter\/\">Think Tank Photo Airport Commuter<\/a><\/li>\n<li><a href=\"https:\/\/taschenfreak.de\/blog\/2014\/04\/12\/think-tank-photo-airport-essentials-der-kleine-airport\/\">Think Tank Photo Airport Essentials<\/a><\/li>\n<li><a href=\"http:\/\/www.taschenfreak.de\/TASCHEN\/THINKTANK\/AirportUltralight\/index.htm\" target=\"_blank\" rel=\"noopener noreferrer\">Think Tank Photo Airport Ultralight<\/a><\/li>\n<li><a href=\"http:\/\/www.taschenfreak.de\/TASCHEN\/THINKTANK\/AirportSecurity\/index.htm\" target=\"_blank\" rel=\"noopener noreferrer\">Think Tank Photo Airport Security<\/a><\/li>\n<li><a href=\"https:\/\/taschenfreak.de\/blog\/2011\/08\/13\/think-tank-airport-security-v-2-packvorschlag\/\" target=\"_blank\" rel=\"noopener noreferrer\">Think Tank Photo Airport Security V2.0<\/a>&nbsp;\/<br \/>\n<a href=\"https:\/\/taschenfreak.de\/blog\/2011\/10\/09\/review-think-tank-airport-secrity-2-0-von-nsonic-de\/\">Think Tank Photo Airport Security V2.0<\/a>&nbsp;\/&nbsp;<a href=\"https:\/\/taschenfreak.de\/blog\/2014\/05\/02\/neue-bilder-und-bericht-zum-think-tank-airport-security-v2-0\/\">Think Tank Photo Airport Security V2.0<\/a><\/li>\n<li><a href=\"http:\/\/www.taschenfreak.de\/TASCHEN\/THINKTANK\/AirportTakeOff\/index.htm\" target=\"_blank\" rel=\"noopener noreferrer\">Think Tank Photo Airport Take Off<\/a><\/li>\n<li><a href=\"http:\/\/www.taschenfreak.de\/TASCHEN\/THINKTANK\/AirportTakeOff_Blogger\/index.htm\" target=\"_blank\" rel=\"noopener noreferrer\">Think Tank Photo Airport Take Off (einger\u00e4umt als CeBIT Blogger Version)<\/a><\/li>\n<li><a href=\"https:\/\/taschenfreak.de\/blog\/2011\/08\/13\/think-tank-airport-security-v-2-packvorschlag\/\" target=\"_blank\" rel=\"noopener noreferrer\">Think Tank Photo Airport Security V 2.0<\/a>&nbsp;\/&nbsp;<a href=\"https:\/\/taschenfreak.de\/blog\/2011\/10\/09\/review-think-tank-airport-secrity-2-0-von-nsonic-de\/\">Think Tank Photo Airport Security V2.0&nbsp;<\/a><\/li>\n<li><a href=\"https:\/\/taschenfreak.de\/blog\/2025\/05\/26\/think-tank-photo-rucksack-vergleich-walker-pro-30l-vs-dark-light-20l-vs-airport-commuter\/\">Think Tank Photo Dark Light 20L<\/a><\/li>\n<li><a href=\"https:\/\/taschenfreak.de\/blog\/2014\/12\/07\/think-tank-photo-perception-pro-der-systemkamera-rucksack\/\">Think Tank Photo Perception Pro 15&#8243; Taupe<\/a><\/li>\n<li><a href=\"https:\/\/taschenfreak.de\/blog\/2021\/08\/24\/kamerarucksack-aus-stoff-praktisch-think-tank-photo-retrospective-backpack-15\/\">Think Tank Photo Retrospective Backpack 15 schwarz<\/a><\/li>\n<li><a href=\"https:\/\/taschenfreak.de\/blog\/2026\/03\/20\/think-tank-photo-retrospective-backpack-15-pinestone-mittelformat-im-alltagstest\/\">Think Tank Photo Retrospective Backpack 15 pinestone (mit Mittelformat-Ausr\u00fcstung)<\/a><\/li>\n<li><a href=\"http:\/\/www.taschenfreak.de\/TASCHEN\/THINKTANK\/ShapeShifter\/index.htm\" target=\"_blank\" rel=\"noopener noreferrer\">Think Tank Photo Shape Shifter<\/a><\/li>\n<li><a href=\"https:\/\/taschenfreak.de\/blog\/2016\/08\/18\/news-von-think-tank-foto-die-neuen-shape-shifter-sind-da\/\">Think Tank Photo Shape Shifter 15&#8243; \/ 17&#8243; Naked Shape Shifter 17&#8243; V2 (Pressemeldung)<\/a><\/li>\n<li><a href=\"https:\/\/taschenfreak.de\/blog\/2016\/09\/14\/shape-shifter-15-v2-0-think-tank-photo\/\">Think Tank Photo Shape Shifter 15 V2<\/a><\/li>\n<li><a href=\"https:\/\/taschenfreak.de\/blog\/2018\/11\/05\/think-tank-photo-drei-artikel-mit-der-aufgabe-ein-fettes-15-notebook-zu-tragen-und-zwei-davon-verlose-ich\/\">Think Tank Photo Shape Shifter 17 V2&nbsp;<\/a><br \/>\n<a href=\"https:\/\/taschenfreak.de\/blog\/2018\/11\/05\/think-tank-photo-drei-artikel-mit-der-aufgabe-ein-fettes-15-notebook-zu-tragen-und-zwei-davon-verlose-ich\/\">(im Vergleich zu Urban Approach 15 und MindShiftGear Exposure 15)<\/a><\/li>\n<li><a href=\"http:\/\/www.taschenfreak.de\/TASCHEN\/THINKTANK\/StreetWalkerHarddrive\/index.htm\" target=\"_blank\" rel=\"noopener noreferrer\">Think Tank Photo StreetWalker HardDrive<\/a>&nbsp;\/<br \/>\n<a href=\"https:\/\/taschenfreak.de\/blog\/2013\/06\/13\/neues-packbeispiel-zum-think-tank-street-walker-harddrive\/\">Think Tank Photo StreetWalker HardDrive<\/a><\/li>\n<li><a href=\"https:\/\/taschenfreak.de\/blog\/2018\/11\/02\/packbeispiele-zum-think-tank-photo-streetwalker-ii\/\">Think Tank Photo Streetwalker II<\/a><\/li>\n<li><a href=\"https:\/\/taschenfreak.de\/blog\/2025\/05\/26\/think-tank-photo-rucksack-vergleich-walker-pro-30l-vs-dark-light-20l-vs-airport-commuter\/\">Think Tank Photo Walker Pro 30L<\/a><\/li>\n<li><a href=\"https:\/\/taschenfreak.de\/blog\/2025\/10\/01\/ein-rucksack-der-mehr-kann-der-think-tank-walker-pro-rolling-backpack-im-taschenfreak-test\/\">Think Tank Photo Walker Pro Rolling Backpack<\/a><\/li>\n<\/ul>\n<p><span style=\"text-decoration: underline;\">Vanguard:<\/span><\/p>\n<ul>\n<li><a href=\"https:\/\/taschenfreak.de\/blog\/2019\/04\/21\/eierlegende-wollmilchsau-vanguard-alta-fly-55t\/\">Vanguard ALTA FLY 55T (mit Trolley-Funktion)<\/a><\/li>\n<li><a href=\"https:\/\/taschenfreak.de\/blog\/2025\/05\/06\/vanguard-veo-metro-backpack-b25l-packtest-fuer-meine-shootingreise\/\">Vanguard VEO METRO B25L in Creme (Backpack)<\/a><\/li>\n<li><a href=\"https:\/\/taschenfreak.de\/blog\/2025\/05\/27\/vanguard-veo-metro-vergleich-25l-vs-30l-was-sind-die-unterschiede\/\">Vanguard VEO METRO 30 BK<\/a><\/li>\n<\/ul>\n<p><span style=\"text-decoration: underline;\">Walimex Pro:<\/span><\/p>\n<ul>\n<li><a href=\"http:\/\/www.taschenfreak.de\/TASCHEN\/WALIMEX\/Sahara\/index.htm\" target=\"_blank\" rel=\"noopener noreferrer\">Walimex Pro Sahara<\/a><\/li>\n<\/ul>\n","protected":false},"excerpt":{"rendered":"<p>Der gro\u00dfe Rucksack-Vergleich &#8211; TOP 12 Rucks\u00e4cke (M\u00e4rz 2019) ALEON CASES: ALEON CASES 17 ZOLL BACKPACK Benro: Benro Ranger Pro 600N Bilora: Bilora Backpack 2: R-321 Booq: Booq Slimpack (Pressemeldung) Booq Slimpack Burton: Burton F-Stop Pack 28L Canon: Canon CPS Rucksack Calument: Calument BP1500 Crumpler: Crumpler Brians HotTub Crumpler Formal Lounge Crumpler Pony Box Crumpler&hellip;<\/p>\n","protected":false},"author":3,"featured_media":0,"parent":2,"menu_order":4,"comment_status":"closed","ping_status":"closed","template":"","meta":{"ngg_post_thumbnail":0,"footnotes":"","_links_to":"","_links_to_target":""},"class_list":["post-469","page","type-page","status-publish","hentry"],"jetpack_shortlink":"https:\/\/wp.me\/P4GMND-7z","jetpack_sharing_enabled":true,"_links":{"self":[{"href":"https:\/\/taschenfreak.de\/blog\/wp-json\/wp\/v2\/pages\/469","targetHints":{"allow":["GET"]}}],"collection":[{"href":"https:\/\/taschenfreak.de\/blog\/wp-json\/wp\/v2\/pages"}],"about":[{"href":"https:\/\/taschenfreak.de\/blog\/wp-json\/wp\/v2\/types\/page"}],"author":[{"embeddable":true,"href":"https:\/\/taschenfreak.de\/blog\/wp-json\/wp\/v2\/users\/3"}],"replies":[{"embeddable":true,"href":"https:\/\/taschenfreak.de\/blog\/wp-json\/wp\/v2\/comments?post=469"}],"version-history":[{"count":28,"href":"https:\/\/taschenfreak.de\/blog\/wp-json\/wp\/v2\/pages\/469\/revisions"}],"predecessor-version":[{"id":14086,"href":"https:\/\/taschenfreak.de\/blog\/wp-json\/wp\/v2\/pages\/469\/revisions\/14086"}],"up":[{"embeddable":true,"href":"https:\/\/taschenfreak.de\/blog\/wp-json\/wp\/v2\/pages\/2"}],"wp:attachment":[{"href":"https:\/\/taschenfreak.de\/blog\/wp-json\/wp\/v2\/media?parent=469"}],"curies":[{"name":"wp","href":"https:\/\/api.w.org\/{rel}","templated":true}]}}