{"id":472,"date":"2012-01-05T20:01:16","date_gmt":"2012-01-05T19:01:16","guid":{"rendered":"http:\/\/taschenfreak.de\/blog\/?page_id=472"},"modified":"2026-02-01T18:03:33","modified_gmt":"2026-02-01T17:03:33","slug":"rucksack-mit-daypack","status":"publish","type":"page","link":"https:\/\/taschenfreak.de\/blog\/nachart\/rucksack-mit-daypack\/","title":{"rendered":"Rucksack mit Daypack"},"content":{"rendered":"<ul>\n<li><a href=\"https:\/\/taschenfreak.de\/blog\/2019\/03\/20\/der-grosse-rucksack-vergleich-auf-taschenfreak-maerz-2019\/\">Der gro\u00dfe Rucksack-Vergleich &#8211; TOP 12 Rucks\u00e4cke (M\u00e4rz 2019)<\/a><\/li>\n<\/ul>\n<hr>\n<p><span style=\"text-decoration: underline;\">Benro:<\/span><\/p>\n<ul>\n<li><a href=\"https:\/\/taschenfreak.de\/blog\/2017\/04\/11\/h2ostop-die-neue-serie-von-benro-hier-der-h2ostop-200-foto-rucksack\/\">Benro H2Ostop 200<\/a><\/li>\n<li><a href=\"https:\/\/taschenfreak.de\/blog\/2017\/04\/06\/benro-incognito-b200-leicht-handlich-und-inkognito\/\">Benro Incognito B200<\/a><\/li>\n<\/ul>\n<p><span style=\"text-decoration: underline;\">Booq:<\/span><\/p>\n<ul>\n<li><a href=\"https:\/\/taschenfreak.de\/blog\/2016\/12\/23\/ein-notebook-rucksack-fuer-sie-in-den-auch-eine-kamera-passt-unter-100-euro-booq-daypack-cream-dream\/\">Booq Daypack Cream Dream<\/a><\/li>\n<\/ul>\n<p><span style=\"text-decoration: underline;\">Brevite:<\/span><\/p>\n<ul>\n<li><a href=\"https:\/\/taschenfreak.de\/blog\/2023\/03\/03\/brevite-jumper-der-hipster-rucksack-aus-usa-spannend-oder-langweilig\/\">Brevite Jumper<\/a><\/li>\n<li><a href=\"https:\/\/taschenfreak.de\/blog\/2024\/09\/27\/der-brevite-jumper-large-ist-das-nun-endlich-der-kamera-rucksack\/\">Brevit\u00e9 Jumper large<\/a><\/li>\n<\/ul>\n<p><span style=\"text-decoration: underline;\">Canon:<\/span><\/p>\n<ul>\n<li><a href=\"http:\/\/www.taschenfreak.de\/TASCHEN\/CANON\/DAYPACK\/index.htm\" target=\"_blank\" rel=\"noopener noreferrer\">Canon Daypack<\/a><\/li>\n<\/ul>\n<p><span style=\"text-decoration: underline;\"><span style=\"font-size: small;\"><span style=\"line-height: 24px;\">CLICK ELITE:<\/span><\/span><\/span><\/p>\n<ul>\n<li><span style=\"line-height: 24px; font-size: medium;\"><a href=\"https:\/\/taschenfreak.de\/blog\/2011\/09\/28\/packbeispiel-clik-elite-probody-sport\/\" target=\"_blank\" rel=\"noopener noreferrer\">CLICK ELITE ProBody Sport (im Blog)<\/a><\/span><\/li>\n<\/ul>\n<p><span style=\"text-decoration: underline;\">Compagnon:<\/span><\/p>\n<ul>\n<li><a href=\"https:\/\/taschenfreak.de\/blog\/2026\/02\/01\/compagnon-adapt-25l-v2-modularer-alltags-und-fotorucksack-mit-drei-igus-im-vergleich\/\">Compagnon Adapt 25L V2 IGUs im Vergleich<\/a><\/li>\n<li><a href=\"https:\/\/taschenfreak.de\/blog\/2015\/10\/13\/der-compagnon-backpack-er-ist-anders-und-das-ist-gut-so\/\">Compagnon The Backpack<\/a><\/li>\n<li><a href=\"https:\/\/taschenfreak.de\/blog\/2015\/11\/01\/die-stativhalterung-am-compagnon-backpack-mal-naeher-betrachtet\/\">Compagnon The Backpack &#8211; Stativhalterung &#8211; Stativk\u00f6cher<\/a><\/li>\n<li><a href=\"https:\/\/taschenfreak.de\/blog\/2016\/11\/10\/der-orange-schwarze-backpack-von-compagnon-eindeutig-mein-lieblingsrucksack\/\">Compagnon The Backpack &#8211; Orange-Schwarz<\/a><\/li>\n<li><a href=\"https:\/\/taschenfreak.de\/blog\/2017\/08\/28\/der-compagnon-backpack-nach-zwei-jahren-im-einsatz-ein-rucksack-mit-format\/\">Compganon The Backpack nach fast zwei Jahren Einsatz<\/a><\/li>\n<li><a href=\"https:\/\/taschenfreak.de\/blog\/2016\/12\/18\/wollt-ihr-mal-meinen-shooting-rucksack-mit-packen-video-zum-compagnon-backpack\/\">Compagnon The Backpack &#8211; Einpack-Video<\/a><\/li>\n<li><a href=\"https:\/\/taschenfreak.de\/blog\/2019\/07\/30\/der-neue-der-compagnon-the-backpack-2-0-mein-blau\/\">Compagnon The Backpack V2.0 &#8211; der neue in blauem Canvas mit braunem Leder<\/a><\/li>\n<li><a href=\"https:\/\/taschenfreak.de\/blog\/2017\/10\/19\/neue-wege-gehen-um-auf-dem-eigenen-weg-zu-bleiben-der-neue-compagnon-explorer-backpack\/\">Compagnon Explorer Backpack und Explorer+ Backpack (Pressemeldung)<\/a><\/li>\n<li><a href=\"https:\/\/taschenfreak.de\/blog\/2017\/10\/25\/der-explorer-backpack-im-test-an-der-kueste-die-neuen-compagnon-explorer-backpacks-mit-deuter-zusammen-mal-naeher-betrachtet\/\">Compagnon The Explorer Plus Backpack &#8211; der Prototyp in D\u00e4nemark (Vorstellung)<\/a><\/li>\n<li><a href=\"https:\/\/taschenfreak.de\/blog\/2018\/07\/05\/der-compagnon-explorer-plus-arctic-ueber-26-tage-in-norwegen\/\">Compagnon The Explorer Plus Backpack &#8211; 26 Tage in Norwegen<\/a><\/li>\n<li><a href=\"https:\/\/taschenfreak.de\/blog\/2018\/09\/02\/f-stop-gear-lotus-vs-compagnon-explorer-plus-backpack-zwei-aus-der-koenigsklasse\/\">Compagnon The Explorer Plus Backpack vs. f-Stop Gear Lotus im Vergleich<\/a><\/li>\n<li><a href=\"https:\/\/taschenfreak.de\/blog\/2018\/10\/08\/stativ-am-compagnon-explorer-plus-backpack-geht-das\/\">Compagnon &#8211; The Explorer Plus &#8211; Stativ &#8211; Wie?<\/a><\/li>\n<li><a href=\"https:\/\/taschenfreak.de\/blog\/2018\/12\/06\/oft-gestellte-fragen-zum-compagnon-explorer-und-explorer-plus\/\">Compagnon &#8211; The Explorer und Explorer Plus &#8211; Oft gestellte Fragen<\/a><\/li>\n<\/ul>\n<p><span style=\"text-decoration: underline;\">Crumpler:<\/span><\/p>\n<ul>\n<li><a href=\"http:\/\/www.taschenfreak.de\/TASCHEN\/CRUMPLER\/MessengerBoyHalfPhotoBP\/index.htm\" target=\"_blank\" rel=\"noopener noreferrer\">Crumpler Messenger Boy Half Photo Backpack<\/a><\/li>\n<li><a href=\"http:\/\/www.taschenfreak.de\/TASCHEN\/CRUMPLER\/NikonThis\/index.htm\" target=\"_blank\" rel=\"noopener noreferrer\">Crumpler Nikon This<\/a><\/li>\n<\/ul>\n<p><span style=\"text-decoration: underline;\">Cullmann:<\/span><\/p>\n<ul>\n<li><a href=\"https:\/\/taschenfreak.de\/blog\/2013\/06\/17\/der-cullmann-garda-sportspack-mit-packbeispiel\/\">Cullmann GARDA SportsPack<\/a><\/li>\n<li><a href=\"http:\/\/www.taschenfreak.de\/TASCHEN\/CULLMANN\/RangerComfort\/index.htm\" target=\"_blank\" rel=\"noopener noreferrer\">Cullmann Ranger Comfort<\/a><\/li>\n<\/ul>\n<p><span style=\"text-decoration: underline;\">Dakine:<\/span><\/p>\n<ul>\n<li><a href=\"https:\/\/taschenfreak.de\/blog\/2016\/09\/13\/dakine-fotorucksack-mission-photo-black-25l-taschenparadies\/\">Dakine Mission Photo 25L<\/a><\/li>\n<li><a href=\"https:\/\/taschenfreak.de\/blog\/2017\/04\/18\/ein-unterschaetzter-fotorucksack-der-dakine-photo-mission-25l\">Dakine Photo Mission 25L (mit Video)<\/a><\/li>\n<li><a href=\"https:\/\/taschenfreak.de\/blog\/2017\/04\/23\/der-dakine-photo-mission-25l-von-hanno-eine-reiserucksack-beladung\/\">Dakine Photo Mission 25L<\/a><\/li>\n<\/ul>\n<p><span style=\"text-decoration: underline;\">Deuter:<\/span><\/p>\n<ul>\n<li><a href=\"http:\/\/www.taschenfreak.de\/TASCHEN\/DEUTER\/45Plus\/index.htm\" target=\"_blank\" rel=\"noopener noreferrer\">Deuter 45+<\/a><\/li>\n<\/ul>\n<p><span style=\"text-decoration: underline;\">D\u00f6rr:<\/span><\/p>\n<ul>\n<li><a href=\"https:\/\/taschenfreak.de\/blog\/2015\/12\/11\/this-bag-is-not-a-toy-doerr-icebreaker-2-0-zu-gewinnen\/\">D\u00f6rr Icebreaker 2.0 Medium<\/a><\/li>\n<\/ul>\n<p><span style=\"text-decoration: underline;\">EVOC:<\/span><\/p>\n<ul>\n<li><a href=\"https:\/\/taschenfreak.de\/blog\/2016\/10\/24\/ein-faszinierendes-unscheinbares-stueck-der-evoc-photop-16l-und-evoc-cb3l\/\">EVOC PHOTOP 16L (mit CB 3L)<\/a><\/li>\n<li><a href=\"https:\/\/taschenfreak.de\/blog\/2016\/09\/05\/der-evoc-photo-scout-mit-18l-volumen-mit-dem-evoc-photo-cp-26l-verglichen\/\" target=\"_blank\" rel=\"noopener noreferrer\">EVOC Photo 18L mit dem EVOC Photo CP 26L verglichen<\/a><\/li>\n<\/ul>\n<p><span style=\"text-decoration: underline;\">f-Stop Gear:<\/span><\/p>\n<ul>\n<li><a href=\"https:\/\/taschenfreak.de\/blog\/2017\/04\/28\/der-f-stop-ajna-von-aleks-in-der-betrachtung\/\">f-Stop Gear Ajna mit F-Stop ICU<\/a><\/li>\n<li><a href=\"https:\/\/taschenfreak.de\/blog\/2018\/12\/29\/den-f-stop-gear-dalston-mal-unter-die-lupe-genommen-und-gestestet\/\">f-Stop Gear DALSTON<\/a><\/li>\n<li><a href=\"https:\/\/taschenfreak.de\/blog\/2018\/07\/14\/der-f-stop-gear-lotus-in-der-naeheren-betrachtung-beim-taschenfreak\/\">f-Stop Gear LOTUS (inkl. ICO Large Pro und ICU Small Pro und Laptop Sleeve)<\/a><\/li>\n<li><a href=\"https:\/\/taschenfreak.de\/blog\/2018\/08\/23\/der-f-stop-gear-lotus-nach-einigen-wochen-im-einsatz-oder-der-zweite-eindruck\/\">f-Stop Gear LOTUS und ICU Large Pro und ICU Small Pro &#8211; der zweite Eindruck<\/a><\/li>\n<li><a href=\"https:\/\/taschenfreak.de\/blog\/2018\/09\/02\/f-stop-gear-lotus-vs-compagnon-explorer-plus-backpack-zwei-aus-der-koenigsklasse\/\">f-Stop Gear Lotus <\/a><a href=\"https:\/\/taschenfreak.de\/blog\/2018\/09\/02\/f-stop-gear-lotus-vs-compagnon-explorer-plus-backpack-zwei-aus-der-koenigsklasse\/\">&nbsp;vs. Compagnon The Explorer Plus Backpack im Vergleich<\/a><\/li>\n<li><a href=\"https:\/\/taschenfreak.de\/blog\/2011\/09\/28\/packbeispiel-f-stop-tilopa-bc\/\" target=\"_blank\" rel=\"noopener noreferrer\">F-Stop Tilopa BC<\/a>&nbsp;\/&nbsp;<a href=\"https:\/\/taschenfreak.de\/blog\/2012\/08\/27\/was-ist-in-deiner-tasche-fstop-tilopa-bc\/\">F-Stop Tilopa BC<\/a>&nbsp;\/ <a href=\"https:\/\/taschenfreak.de\/blog\/2015\/02\/20\/f-stop-tilopa-bc-pro-icu-xl-mit-einem-500er-tele\/\">F-Stop Tilopa BC mit 500mm Tele<\/a><\/li>\n<\/ul>\n<p><span style=\"text-decoration: underline;\">GITZO:<\/span><\/p>\n<ul>\n<li><a href=\"https:\/\/taschenfreak.de\/blog\/2019\/06\/24\/den-gitzo-adventury-45l-wollte-ich-unbedingt-selbst-testen\/\">GITZO ADVENTURY 45L CAMERA BACKPACK<\/a><\/li>\n<\/ul>\n<p><span style=\"text-decoration: underline;\">Goodspeed:<\/span><\/p>\n<ul>\n<li><a href=\"http:\/\/www.taschenfreak.de\/TASCHEN\/GODSPEED\/SY517M\/index.htm\" target=\"_blank\" rel=\"noopener noreferrer\">Goodspeed SY517M<\/a><\/li>\n<\/ul>\n<p><span style=\"text-decoration: underline;\">Hama:<\/span><\/p>\n<ul>\n<li><a href=\"https:\/\/taschenfreak.de\/blog\/2016\/11\/29\/hama-daytour230-240\/\">Hama Daytour 230\/240<\/a><\/li>\n<\/ul>\n<p><span style=\"text-decoration: underline;\">Hellolulu:<\/span><\/p>\n<ul>\n<li><a href=\"https:\/\/taschenfreak.de\/blog\/2018\/12\/14\/smart-und-schick-der-hellolulu-sorrell\/\">Hellolulu Sorrell<\/a><\/li>\n<\/ul>\n<p><span style=\"text-decoration: underline;\">Holst: <\/span><\/p>\n<ul>\n<li><a href=\"http:\/\/www.taschenfreak.de\/TASCHEN\/HOLST\/Modell-M\/index.htm\" target=\"_blank\" rel=\"noopener noreferrer\">Holst Modell M<\/a><\/li>\n<li><a href=\"http:\/\/www.taschenfreak.de\/TASCHEN\/HOLST\/Modell-L\/index.htm\" target=\"_blank\" rel=\"noopener noreferrer\">Holst Modell L<\/a><\/li>\n<\/ul>\n<p><span style=\"text-decoration: underline;\">Jack Wolfskin:<\/span><\/p>\n<ul>\n<li><a href=\"http:\/\/www.taschenfreak.de\/TASCHEN\/JW\/ACSPhotopack\/index.htm\" target=\"_blank\" rel=\"noopener noreferrer\">Jack Wolfskin ACS Photopack<\/a>&nbsp;\/&nbsp;<a href=\"https:\/\/taschenfreak.de\/blog\/2011\/08\/11\/jack-wolfskin-acs-photopack\/\" target=\"_blank\" rel=\"noopener noreferrer\">Jack Wolfskin ACS Photopack<\/a><\/li>\n<li><a href=\"http:\/\/www.taschenfreak.de\/TASCHEN\/JW\/ACSPhotopack24\/index.htm\" target=\"_blank\" rel=\"noopener noreferrer\">Jack Wolfskin ACS Phtotopack 24<\/a><\/li>\n<li><a href=\"https:\/\/taschenfreak.de\/blog\/2015\/08\/26\/der-jack-wolfskin-acs-photopack-pro-von-sascha-wolf\/\">Jack Wolfskin ACS Photopack Pro<\/a><\/li>\n<li><a href=\"http:\/\/www.taschenfreak.de\/TASCHEN\/JW\/Atacama\/index.htm\" target=\"_blank\" rel=\"noopener noreferrer\">Jack Wolfskin Atacama<\/a><\/li>\n<\/ul>\n<p><span style=\"text-decoration: underline;\">kalahari:<\/span><\/p>\n<ul>\n<li><a href=\"https:\/\/taschenfreak.de\/blog\/2017\/07\/12\/der-kalahari-kapago-k-71-in-der-naeheren-betrachtung\/\">kalahari KAPAKO K-71<\/a><\/li>\n<\/ul>\n<p><span style=\"text-decoration: underline;\">Kata:<\/span><\/p>\n<ul>\n<li><a href=\"http:\/\/www.taschenfreak.de\/TASCHEN\/KATA\/3N1-20\/index.htm\" target=\"_blank\" rel=\"noopener noreferrer\">Kata 3N1-20<\/a><\/li>\n<li><a href=\"http:\/\/www.taschenfreak.de\/TASCHEN\/KATA\/3N1-30\/index.htm\" target=\"_blank\" rel=\"noopener noreferrer\">Kata 3N1-30<\/a><\/li>\n<li><a href=\"http:\/\/www.taschenfreak.de\/TASCHEN\/KATA\/DR465\/index.htm\" target=\"_blank\" rel=\"noopener noreferrer\">Kata DR-465<\/a><\/li>\n<\/ul>\n<p><span style=\"text-decoration: underline;\">Kelly Moore:<\/span><\/p>\n<ul>\n<li><a href=\"https:\/\/taschenfreak.de\/blog\/2017\/04\/27\/solltet-ihr-nach-diesem-video-nichts-mehr-von-mir-hoeren-oder-lesen-kelly-moore-woodstock\/\">Kelly Moore Woodstock &#8211; Cinnamon<\/a><\/li>\n<\/ul>\n<p><span style=\"text-decoration: underline;\">K&amp;F Concept:<\/span><\/p>\n<ul>\n<li><a href=\"https:\/\/taschenfreak.de\/blog\/2023\/07\/28\/was-kann-der-nun-wieder-heute-im-test-kf-concept-beta-backpack-20l\/\">K&amp;F Concept Beta Backpack 20L<\/a><\/li>\n<\/ul>\n<p><span style=\"text-decoration: underline;\">Lowepro:<\/span><\/p>\n<ul>\n<li><a href=\"http:\/\/www.taschenfreak.de\/TASCHEN\/LP\/DryZoneRover\/index.htm\" target=\"_blank\" rel=\"noopener noreferrer\">Lowepro Dry Zone Rover<\/a><\/li>\n<li><a href=\"http:\/\/www.taschenfreak.de\/TASCHEN\/LP\/FastPack200\/index.htm\" target=\"_blank\" rel=\"noopener noreferrer\">Lowepro Fastpack 200<\/a><\/li>\n<li><a href=\"https:\/\/taschenfreak.de\/blog\/2016\/11\/29\/der-lowepro-flipside-trek-bp-450-aw-von-thomas\/\">Lowepro Flipside Trek BP 450 AW<\/a><\/li>\n<li><a href=\"http:\/\/www.taschenfreak.de\/TASCHEN\/LP\/OrionTrekker\/index.htm\" target=\"_blank\" rel=\"noopener noreferrer\">Lowepro Orion Trekker<\/a><\/li>\n<li><a href=\"http:\/\/www.taschenfreak.de\/TASCHEN\/LP\/OrionTrekkerII\/index.htm\" target=\"_blank\" rel=\"noopener noreferrer\">Lowepro Orion Trekker II&nbsp;<\/a><\/li>\n<li><a href=\"https:\/\/taschenfreak.de\/blog\/2019\/06\/04\/der-neue-lowepro-photo-active-pressemeldung\/\">Lowepro Photo Active (Pressemeldung)<\/a><\/li>\n<li><a href=\"https:\/\/taschenfreak.de\/blog\/2012\/12\/29\/packbeispiel-lowepro-photo-hatchback-16l-aw\/\">Lowepro Photo Hatchback 16L<\/a><\/li>\n<li><a href=\"https:\/\/taschenfreak.de\/blog\/2012\/09\/05\/ist-das-rot-der-orangene-lowepro-photo-hatchback-22l\/\">Lowepro Photo Hatchback 22L<\/a><\/li>\n<li><a href=\"https:\/\/taschenfreak.de\/blog\/2016\/08\/16\/in-den-lowepro-hatchback-passt-jetzt-auch-das-macbook-13-retina-rein\/\">Lowepro Hatchback BP250 II (mit Macbook 13&#8243; Retina)<\/a><\/li>\n<li><a href=\"http:\/\/www.taschenfreak.de\/TASCHEN\/LP\/PrimusAW\/index.htm\" target=\"_blank\" rel=\"noopener noreferrer\">Lowepro Primus AW<\/a><\/li>\n<li><a href=\"http:\/\/www.taschenfreak.de\/TASCHEN\/LP\/PrimusMinimus\/index.htm\" target=\"_blank\" rel=\"noopener noreferrer\">Lowepro Primus Minimus&nbsp;<\/a><\/li>\n<li><a href=\"https:\/\/taschenfreak.de\/blog\/2018\/03\/01\/der-lowepro-protactic-450-aw-von-peter-eberhardt\/\">Lowepro ProTactic 450 AW V1<\/a> \/ <a href=\"https:\/\/taschenfreak.de\/blog\/2018\/12\/03\/packbeispiel-der-lowepro-protactic-450-aw-rucksack-von-patrick-artmann\/\">Lowepro ProTactiv 450 AW V1<\/a><\/li>\n<li><a href=\"http:\/\/www.taschenfreak.de\/TASCHEN\/LP\/RoverLight\/index.htm\" target=\"_blank\" rel=\"noopener noreferrer\">Lowepro Rover Light<\/a><\/li>\n<li><a href=\"http:\/\/www.taschenfreak.de\/TASCHEN\/LP\/RoverAW\/index.htm\" target=\"_blank\" rel=\"noopener noreferrer\">Lowepro Rover AW<\/a><\/li>\n<li><a href=\"http:\/\/www.taschenfreak.de\/TASCHEN\/LP\/RoverAWII\/index.htm\" target=\"_blank\" rel=\"noopener noreferrer\">Lowepro Rover AW II<\/a><\/li>\n<li><a href=\"http:\/\/www.taschenfreak.de\/TASCHEN\/LP\/RoverPlusAW\/index.htm\" target=\"_blank\" rel=\"noopener noreferrer\">Lowepro Rover Plus AW<\/a><\/li>\n<li><a href=\"https:\/\/taschenfreak.de\/blog\/2021\/08\/23\/ein-leichter-und-bezahlbarer-fotorucksack-lowepro-truckee-bp-250-lx\/\">Lowepro Truckee BP 250 LX<\/a> \/ <a href=\"https:\/\/taschenfreak.de\/blog\/2021\/08\/31\/der-lowepro-truckee-bp250-lx-von-andreas-und-seiner-sony-ausruestung\/\">Lowepro Truckee BP 250 LX (Gastbeitrag)<\/a><\/li>\n<li><a href=\"http:\/\/www.taschenfreak.de\/TASCHEN\/LP\/Versapack200AW\/index.htm\" target=\"_blank\" rel=\"noopener noreferrer\">Lowepro Versapack 200 AW<\/a><\/li>\n<\/ul>\n<p><span style=\"text-decoration: underline;\">Manfrotto:<\/span><\/p>\n<ul>\n<li><a href=\"https:\/\/taschenfreak.de\/blog\/2016\/09\/21\/manfrotto-photokina-2016-advanced-street-selection-taschen-fuer-systemkameras\/\">Manfrotto Photokina 2016: ADVANCED &amp; STREET SELECTION \u2013 TASCHEN F\u00dcR SYSTEMKAMERAS (Photokina 2016 &#8211; Pressemeldung)<\/a><\/li>\n<li><a href=\"https:\/\/taschenfreak.de\/blog\/2019\/05\/30\/der-manfrotto-off-road-20l-von-mattias\/\">Manfrotto Off Road 20L<\/a><\/li>\n<li><a href=\"https:\/\/taschenfreak.de\/blog\/2016\/09\/21\/manfrotto-windsor-kollektion\/\">Manfrotto Windsor Collection (Photokina 2016 &#8211; Pressemeldung)<\/a><\/li>\n<\/ul>\n<p><span style=\"text-decoration: underline;\">Mantona:<\/span><\/p>\n<ul>\n<li><a href=\"https:\/\/taschenfreak.de\/blog\/2017\/02\/10\/mantona-retro-luis-fotorucksack-mit-echtleder-applikationen-in-der-betrachtung\/\">Mantona Luis Retro<\/a><\/li>\n<\/ul>\n<p><span style=\"text-decoration: underline;\">MindShift Gear:<\/span><\/p>\n<ul>\n<li><a href=\"https:\/\/taschenfreak.de\/blog\/2018\/04\/01\/was-geht-rein-ich-packe-aus-mindshift-gear-backlight-26l-und-eine-kleine-hueft-op\/\">MindShift Gear BackLight 26L<\/a><\/li>\n<li><a href=\"https:\/\/taschenfreak.de\/blog\/2019\/01\/13\/mindshiftgear-sidepath-ein-sehr-leichter-und-vielseitiger-rucksack\/\">MindShift Gear Sidepath<\/a><\/li>\n<li><a href=\"https:\/\/taschenfreak.de\/blog\/2013\/10\/25\/der-neue-rotation180-panorama-rotating-backpack-von-mindshift-gear\/\">MindShift Gear rotation180\u00b0 Panorama<\/a>&nbsp;(Pressemeldung)<\/li>\n<li><a href=\"https:\/\/taschenfreak.de\/blog\/2014\/05\/14\/mindshiftgear-jetzt-auch-auf-taschenfreak-gelistet-mit-dem-rotation-180-panorama\/\">MindShift Gear rotation180\u00b0 Panorama<\/a><\/li>\n<\/ul>\n<p><span style=\"text-decoration: underline;\">Naneu:<\/span><\/p>\n<ul>\n<li><a href=\"http:\/\/www.taschenfreak.de\/TASCHEN\/NANEU\/ProAlpha\/index.htm\" target=\"_blank\" rel=\"noopener noreferrer\">Naneu Pro Alpha<\/a><\/li>\n<\/ul>\n<p><span style=\"text-decoration: underline;\">Nikon:<\/span><\/p>\n<ul>\n<li><a href=\"http:\/\/www.taschenfreak.de\/TASCHEN\/NIKON\/Rucksack_Gruen_Alt\/index.htm\" target=\"_blank\" rel=\"noopener noreferrer\">Nikon Rucksack Gr\u00fcn (altes Modell)<\/a><\/li>\n<\/ul>\n<p><span style=\"text-decoration: underline;\">NYA-EVO:<\/span><\/p>\n<ul>\n<li><a href=\"https:\/\/taschenfreak.de\/blog\/2021\/07\/17\/leichter-und-modularer-fotorucksack-der-nya-evo-fjord-26\/\">NYA-EVO Fjord 26<\/a><\/li>\n<\/ul>\n<p><span style=\"text-decoration: underline;\">Ona:<\/span><\/p>\n<ul>\n<li><a href=\"https:\/\/taschenfreak.de\/blog\/2016\/09\/24\/der-trend-geht-wieder-zum-rucksack-heute-in-der-betrachtung-der-ona-the-camps-bay-smoke\/\">Ona The Camps Bay Smoke<\/a><\/li>\n<\/ul>\n<p><span style=\"text-decoration: underline;\">Peak Design:<\/span><\/p>\n<ul>\n<li><a href=\"https:\/\/taschenfreak.de\/blog\/2022\/11\/14\/der-peak-design-everyday-backpack-20l-von-kevin-kurek\/\">Peak Design Everyday Backpack 20L<\/a><\/li>\n<li><a href=\"https:\/\/taschenfreak.de\/blog\/2016\/12\/29\/den-neuen-peak-design-everyday-backpack-30l-charcoal-foto-rucksack-angeschaut\/\">Peak Design Everyday Backpack 30L<\/a><\/li>\n<li><a href=\"https:\/\/taschenfreak.de\/blog\/2017\/02\/23\/der-peakdesign-everyday-backpack-30-in-der-naeheren-betrachtung-beim-taschenfreak-video\/\">PeakDesign Everyday Backpack 30 (Ash)<\/a><\/li>\n<li><a href=\"https:\/\/taschenfreak.de\/blog\/2018\/01\/17\/ich-packe-aus-den-peak-design-everyday-backpack-30\/\">Peak Design Everyday Backpack 30 als Business-Tasche?<\/a><\/li>\n<\/ul>\n<p><span style=\"text-decoration: underline;\">PGYTECH<\/span><\/p>\n<ul>\n<li><a href=\"https:\/\/taschenfreak.de\/blog\/?p=10739\">PGYTECH OneMo<\/a><\/li>\n<\/ul>\n<p><span style=\"text-decoration: underline;\">Prat:<\/span><\/p>\n<ul>\n<li><a href=\"https:\/\/taschenfreak.de\/blog\/2012\/02\/21\/packbespiel-prat-tramontane-kleines-packwunder\/\">Prat Tramontane<\/a><\/li>\n<\/ul>\n<p><span style=\"text-decoration: underline;\">Samsonite:<\/span><\/p>\n<ul>\n<li><a href=\"http:\/\/www.taschenfreak.de\/TASCHEN\/SAMSONITE\/TREKKINGDAYPACK\/index.htm\" target=\"_blank\" rel=\"noopener noreferrer\">Samsonite Trekkin Day Pack<\/a><\/li>\n<\/ul>\n<p><span style=\"text-decoration: underline;\">Shimonda:<\/span><\/p>\n<ul>\n<li><a href=\"https:\/\/taschenfreak.de\/blog\/2021\/11\/24\/der-review-zum-shimoda-explore-v2-e35-von-georg-poellitsch\/\">Shimonda Explore V2 35<\/a><\/li>\n<li><a href=\"https:\/\/taschenfreak.de\/blog\/2022\/02\/15\/der-taschenfreak-checkt-das-shimoda-explore-v2-35l-starter-kit\/\">Shimoda Explore V2 35L Starter Kit<\/a><\/li>\n<li><a href=\"https:\/\/taschenfreak.de\/blog\/2024\/07\/09\/shimoda-urban-explore-30-was-kann-der-taugt-der-als-hochzeitsfotografen-backpack\/\">Shimoda Urban Explore 30<\/a><\/li>\n<\/ul>\n<p><span style=\"text-decoration: underline;\">Shooter:<\/span><\/p>\n<ul>\n<li><a href=\"http:\/\/www.taschenfreak.de\/TASCHEN\/SHOOTER\/JULIA_M\/index.htm\" target=\"_blank\" rel=\"noopener noreferrer\">Shooter Julia M<\/a><\/li>\n<\/ul>\n<p><span style=\"text-decoration: underline;\">Tamrac:<\/span><\/p>\n<ul>\n<li><a href=\"http:\/\/www.taschenfreak.de\/TASCHEN\/TAMRAC\/5547-Adventure7\/index.htm\" target=\"_blank\" rel=\"noopener noreferrer\">Tamrac Adventure 7-5547<\/a><\/li>\n<li><a href=\"http:\/\/www.taschenfreak.de\/TASCHEN\/TAMRAC\/Aero80\/index.htm\" target=\"_blank\" rel=\"noopener noreferrer\">Tamrac Aero 80<\/a><\/li>\n<li><a href=\"http:\/\/www.taschenfreak.de\/TASCHEN\/TAMRAC\/750\/index.htm\" target=\"_blank\" rel=\"noopener noreferrer\">Tamrac Daypack 750<\/a><\/li>\n<li><a href=\"https:\/\/taschenfreak.de\/blog\/2012\/02\/21\/packbeispiel-tamrac-750-photographers-daypack\/\">Tamrac Photographers Daypack 750<\/a><\/li>\n<li><a href=\"http:\/\/www.taschenfreak.de\/TASCHEN\/TAMRAC\/Expedition6x-5586\/index.htm\" target=\"_blank\" rel=\"noopener noreferrer\">Tamrac Expedition 6x-5586<\/a><\/li>\n<li><a href=\"http:\/\/www.taschenfreak.de\/TASCHEN\/TATONKA\/PhotoVideoDaypack\/index.htm\" target=\"_blank\" rel=\"noopener noreferrer\">Tamrac Photo Video Daypack<\/a><\/li>\n<li><a href=\"http:\/\/www.taschenfreak.de\/TASCHEN\/TAMRAC\/Speedpack3385\/index.htm\" target=\"_blank\" rel=\"noopener noreferrer\">Tamrac Speedpack 3385<\/a><\/li>\n<li><a href=\"http:\/\/www.taschenfreak.de\/TASCHEN\/TAMRAC\/777\/index.htm\" target=\"_blank\" rel=\"noopener noreferrer\">Tamrac 777<\/a><\/li>\n<\/ul>\n<p><span style=\"text-decoration: underline;\">Tenba<\/span><\/p>\n<ul>\n<li><a href=\"https:\/\/taschenfreak.de\/blog\/2019\/06\/23\/allround-und-fotorucksack-tenba-backpack-dna-15-rolltop-mit-blick-auf-die-kueste\/\">Tenba Backpack DNA 15 Rolltop<\/a><\/li>\n<li><a href=\"https:\/\/taschenfreak.de\/blog\/2023\/03\/07\/tenba-dna-16-dslr-backpack\/\">Tenba Backpack DNA 16 DSLR<\/a><\/li>\n<li><a href=\"https:\/\/taschenfreak.de\/blog\/2023\/04\/27\/der-tenba-fulton-v2-16l-in-der-vorstellung\/\">Tenba Fulton V2 16L<\/a><\/li>\n<\/ul>\n<p><span style=\"text-decoration: underline;\">Think Tank Photo:<\/span><\/p>\n<ul>\n<li><a href=\"http:\/\/www.taschenfreak.de\/TASCHEN\/THINKTANK\/Rotation360\/index.htm\" target=\"_blank\" rel=\"noopener noreferrer\">Think Tank Photo Rotation 360<\/a><\/li>\n<li><a href=\"https:\/\/taschenfreak.de\/blog\/2016\/09\/14\/shape-shifter-15-v2-0-think-tank-photo\/\">Think Tank Photo Shape Shifter 15 V2<\/a><\/li>\n<\/ul>\n<p><span style=\"text-decoration: underline;\">VANGUARD:<\/span><\/p>\n<ul>\n<li><a href=\"https:\/\/taschenfreak.de\/blog\/2023\/02\/09\/nahe-dran-am-perfekten-rucksack-der-vanguard-veo-active-49\/\">Vanguard VEO ACTIVE 49<\/a><\/li>\n<li><a href=\"https:\/\/taschenfreak.de\/blog\/2026\/01\/28\/vanguard-veo-lite-b25l-nv-im-praxistest-ein-ehrlicher-alltagstest-im-schnee\/\">Vanguard VEO LITE B25L NV<\/a><\/li>\n<\/ul>\n<p><span style=\"text-decoration: underline;\">WANDRD:<\/span><\/p>\n<ul>\n<li><a href=\"https:\/\/taschenfreak.de\/blog\/2018\/12\/08\/wandrd-prvke-31\/\">WANDRD PRVKE 31<\/a><\/li>\n<li><a href=\"https:\/\/taschenfreak.de\/blog\/2026\/01\/29\/wandrd-prvke-41-photo-bundle-vielseitiger-fotorucksack-zwischen-alltag-reise-job\/\">WANDRD PRVKE 41 Photo Bundle<\/a><\/li>\n<\/ul>\n","protected":false},"excerpt":{"rendered":"<p>Der gro\u00dfe Rucksack-Vergleich &#8211; TOP 12 Rucks\u00e4cke (M\u00e4rz 2019) Benro: Benro H2Ostop 200 Benro Incognito B200 Booq: Booq Daypack Cream Dream Brevite: Brevite Jumper Brevit\u00e9 Jumper large Canon: Canon Daypack CLICK ELITE: CLICK ELITE ProBody Sport (im Blog) Compagnon: Compagnon Adapt 25L V2 IGUs im Vergleich Compagnon The Backpack Compagnon The Backpack &#8211; Stativhalterung &#8211;&hellip;<\/p>\n","protected":false},"author":3,"featured_media":0,"parent":2,"menu_order":5,"comment_status":"closed","ping_status":"closed","template":"","meta":{"ngg_post_thumbnail":0,"footnotes":"","_links_to":"","_links_to_target":""},"class_list":["post-472","page","type-page","status-publish","hentry"],"jetpack_shortlink":"https:\/\/wp.me\/P4GMND-7C","jetpack_sharing_enabled":true,"_links":{"self":[{"href":"https:\/\/taschenfreak.de\/blog\/wp-json\/wp\/v2\/pages\/472","targetHints":{"allow":["GET"]}}],"collection":[{"href":"https:\/\/taschenfreak.de\/blog\/wp-json\/wp\/v2\/pages"}],"about":[{"href":"https:\/\/taschenfreak.de\/blog\/wp-json\/wp\/v2\/types\/page"}],"author":[{"embeddable":true,"href":"https:\/\/taschenfreak.de\/blog\/wp-json\/wp\/v2\/users\/3"}],"replies":[{"embeddable":true,"href":"https:\/\/taschenfreak.de\/blog\/wp-json\/wp\/v2\/comments?post=472"}],"version-history":[{"count":36,"href":"https:\/\/taschenfreak.de\/blog\/wp-json\/wp\/v2\/pages\/472\/revisions"}],"predecessor-version":[{"id":13898,"href":"https:\/\/taschenfreak.de\/blog\/wp-json\/wp\/v2\/pages\/472\/revisions\/13898"}],"up":[{"embeddable":true,"href":"https:\/\/taschenfreak.de\/blog\/wp-json\/wp\/v2\/pages\/2"}],"wp:attachment":[{"href":"https:\/\/taschenfreak.de\/blog\/wp-json\/wp\/v2\/media?parent=472"}],"curies":[{"name":"wp","href":"https:\/\/api.w.org\/{rel}","templated":true}]}}