{"id":484,"date":"2012-01-05T20:46:49","date_gmt":"2012-01-05T19:46:49","guid":{"rendered":"http:\/\/taschenfreak.de\/blog\/?page_id=484"},"modified":"2026-02-15T21:53:36","modified_gmt":"2026-02-15T20:53:36","slug":"rucksack-mit-umhangegurt-slingshot","status":"publish","type":"page","link":"https:\/\/taschenfreak.de\/blog\/nachart\/rucksack-mit-umhangegurt-slingshot\/","title":{"rendered":"Rucksack mit Umh\u00e4ngegurt (Slingshot)"},"content":{"rendered":"<ul>\n<li><a href=\"https:\/\/taschenfreak.de\/blog\/2019\/03\/20\/der-grosse-rucksack-vergleich-auf-taschenfreak-maerz-2019\/\">Der gro\u00dfe Rucksack-Vergleich &#8211; TOP 12 Rucks\u00e4cke (M\u00e4rz 2019)<\/a><\/li>\n<\/ul>\n<hr>\n<p><span style=\"text-decoration: underline;\">Artisan &amp; Artist:<\/span><\/p>\n<ul>\n<li><a href=\"https:\/\/taschenfreak.de\/blog\/2015\/08\/18\/artisan-artist-rr4-05c-navy-blue-in-der-begutachtung-beim-taschenfreak\/\">Artisan &amp; Artist RR4 05C Navy Blue<\/a><\/li>\n<\/ul>\n<p><span style=\"text-decoration: underline;\">Bilora:<\/span><\/p>\n<ul>\n<li><a href=\"http:\/\/www.taschenfreak.de\/TASCHEN\/BILORA\/Z-BAG-FLASH\/index.htm\" target=\"_blank\" rel=\"noopener noreferrer\">Bilora Z-Bag-Flash<\/a><\/li>\n<\/ul>\n<p><span style=\"text-decoration: underline;\">Compagnon:<\/span><\/p>\n<ul>\n<li><a href=\"https:\/\/taschenfreak.de\/blog\/2025\/06\/24\/compagnon-element-sling-7l-v2-forrest-green\/\">Compagnon &#8211; Element Sling 7 V2 &#8211; Forrest Green<\/a><\/li>\n<li><a href=\"https:\/\/taschenfreak.de\/blog\/?p=11718\">Compagnon &#8211; Element Sling 11<\/a><\/li>\n<li><a href=\"https:\/\/taschenfreak.de\/blog\/2026\/02\/15\/compagnon-element-sling-12l-praxisbericht-nach-dienstreise-ice-alltagstest\/\">Compagnon &#8211; Element Sling 12L<\/a><\/li>\n<\/ul>\n<p><span style=\"text-decoration: underline;\">Crumpler:<\/span><\/p>\n<ul>\n<li><a href=\"https:\/\/taschenfreak.de\/blog\/2013\/07\/07\/die-crumpler-escape-700-mit-der-fuji-x-bestuckung\/\"><span style=\"line-height: 16px;\">Crumpler Escape 700<\/span><\/a><\/li>\n<\/ul>\n<p><span style=\"text-decoration: underline;\">f-stop Gear<\/span><\/p>\n<ul>\n<li><a href=\"https:\/\/taschenfreak.de\/blog\/2017\/08\/21\/der-f-stop-gear-fitzroy-aloe-drab-green-aus-der-ganz-neuen-urban-serie-von-andreas\/\">f-stop Gear Fritzroy Aloe (Drab Green)<\/a><\/li>\n<\/ul>\n<p><span style=\"text-decoration: underline;\">Godspeed:<\/span><\/p>\n<ul>\n<li><a href=\"http:\/\/www.taschenfreak.de\/TASCHEN\/GODSPEED\/Slingshot606Vario\/index.htm\" target=\"_blank\" rel=\"noopener noreferrer\">Godspeed Slingshot 606 Vario<\/a><\/li>\n<li><a href=\"http:\/\/www.taschenfreak.de\/TASCHEN\/GODSPEED\/Slingshot616Vario\/index.htm\" target=\"_blank\" rel=\"noopener noreferrer\">Godspeed Slingshot 616 Vario<\/a><\/li>\n<\/ul>\n<p><span style=\"text-decoration: underline;\">Hama:<\/span><\/p>\n<ul>\n<li><a href=\"http:\/\/www.taschenfreak.de\/TASCHEN\/HAMA\/SLR-DAYPACK\/index.htm\" target=\"_blank\" rel=\"noopener noreferrer\">Hama SLR Daypack<\/a><\/li>\n<\/ul>\n<p><span style=\"text-decoration: underline;\">Hazard4:<\/span><\/p>\n<div>\n<ul>\n<li><a href=\"https:\/\/taschenfreak.de\/blog\/2012\/09\/03\/der-hazard-4-evac-photo-recon-von-michael\/\">Hazard4 Evac Photo Recon<\/a><\/li>\n<\/ul>\n<\/div>\n<p><span style=\"text-decoration: underline;\">Incase:<\/span><\/p>\n<ul>\n<li><a href=\"https:\/\/taschenfreak.de\/blog\/2011\/12\/04\/ari-marcopoulos-im-kurzen-test-beim-taschenfreak\/\" target=\"_blank\" rel=\"noopener noreferrer\">Incase Ari Marcopoulos (im Blog)<\/a><\/li>\n<li><a href=\"https:\/\/taschenfreak.de\/blog\/2014\/07\/10\/incase-pro-sling-pack\/\">Incase Pro Sling Pack<\/a><\/li>\n<\/ul>\n<p><span style=\"text-decoration: underline;\">Kata:<\/span><\/p>\n<ul>\n<li><a href=\"http:\/\/www.taschenfreak.de\/TASCHEN\/KATA\/3N1-20\/index.htm\" target=\"_blank\" rel=\"noopener noreferrer\">Kata 3N1-20<\/a><\/li>\n<li><a href=\"http:\/\/www.taschenfreak.de\/TASCHEN\/KATA\/3N1-30\/index.htm\" target=\"_blank\" rel=\"noopener noreferrer\">Kata 3N1-30<\/a><\/li>\n<li><a href=\"http:\/\/www.taschenfreak.de\/TASCHEN\/KATA\/3N1-33\/index.htm\" target=\"_blank\" rel=\"noopener noreferrer\">Kata 3N1-33<\/a><\/li>\n<\/ul>\n<p><span style=\"text-decoration: underline;\">LIFE OF PHOTO:<\/span><\/p>\n<ul>\n<li><a href=\"https:\/\/taschenfreak.de\/blog\/2015\/09\/20\/life-of-photo-fotorucksack-von-amazon-mal-naeher-angesehen-ec8805\/\">LIFE OF PHOTO Fotorucksack (EC8805)<\/a><\/li>\n<\/ul>\n<p><span style=\"text-decoration: underline;\">Lowepro:<\/span><\/p>\n<ul>\n<li><a href=\"http:\/\/www.taschenfreak.de\/TASCHEN\/LP\/ClassifiedSling180AW\/index.htm\" target=\"_blank\" rel=\"noopener noreferrer\">Lowepro Classifield Sling 180 AW<\/a><\/li>\n<li><a href=\"http:\/\/www.taschenfreak.de\/TASCHEN\/LP\/ClassifiedSling220AW\/index.htm\" target=\"_blank\" rel=\"noopener noreferrer\">Lowepro Classifield Sling 220 AW<\/a><\/li>\n<li><a href=\"https:\/\/taschenfreak.de\/blog\/2011\/09\/15\/packbeispiel-lowepro-classified-sling-220-aw\/\" target=\"_blank\" rel=\"noopener noreferrer\">Lowepro Classifield Sling 220 AW (im Blog)<\/a><\/li>\n<li><a href=\"http:\/\/www.taschenfreak.de\/TASCHEN\/LP\/SlingShot100AW\/index.htm\" target=\"_blank\" rel=\"noopener noreferrer\">Lowepro Slingshot 100 AW<\/a><\/li>\n<li><a href=\"http:\/\/www.taschenfreak.de\/TASCHEN\/LP\/SlingShot200AW\/index.htm\" target=\"_blank\" rel=\"noopener noreferrer\">Lowepro Slingshot 200 AW<\/a><\/li>\n<li><a href=\"https:\/\/taschenfreak.de\/blog\/2015\/01\/19\/lowepro-slingshot-202-aw-von-daniela\/\">Lowepro Slingshot 202 AW<\/a><\/li>\n<li><a href=\"http:\/\/www.taschenfreak.de\/TASCHEN\/LP\/SlingShot300AW\/index.htm\" target=\"_blank\" rel=\"noopener noreferrer\">Lowepro Slingshot 300 AW<\/a><\/li>\n<li><a href=\"https:\/\/taschenfreak.de\/blog\/2012\/06\/12\/packbeispiel-lowepro-sling-shot-302\/\">Lowepro Slingshot 302 AW<\/a>&nbsp;&#8211; <a href=\"https:\/\/taschenfreak.de\/blog\/2016\/11\/29\/der-lowepro-slingshot-302-aw-von-peter-weller\/\">Lowepro Slingshot 302 AW<\/a><\/li>\n<li><a href=\"https:\/\/taschenfreak.de\/blog\/2014\/02\/04\/lowepro-transit-sling-250-aw-bericht-und-verlosung\/\">Lowepro Transit Sling 250 AW<\/a><\/li>\n<li><a href=\"https:\/\/taschenfreak.de\/blog\/2014\/02\/04\/sling-phase-beim-taschenfreak-lowepro-urban-sling-250-inkl-verlosung\/\">Lowepro Urban Photo Sling 250<\/a><\/li>\n<\/ul>\n<p><span style=\"text-decoration: underline;\">Manfrotto:<\/span><\/p>\n<ul>\n<li><a href=\"https:\/\/taschenfreak.de\/blog\/2016\/09\/21\/manfrotto-photokina-2016-pro-light-3n1-kamera-rucksack\/\">Manfrotto PRO LIGHT 3N1 KAMERA-RUCKSACK (Photokina 2016 &#8211; Pressemeldung)<\/a><\/li>\n<\/ul>\n<p><span style=\"text-decoration: underline;\">Mantona:<\/span><\/p>\n<ul>\n<li><a href=\"https:\/\/taschenfreak.de\/blog\/2015\/10\/28\/ein-kleines-feines-reiseset-mantona-triangel-kameratasche-inkl-mantona-dslm-travel-reisestativ\/\">Mantona Mantona Kameratasche Triangel mit Reisestativ DSLM<\/a><\/li>\n<\/ul>\n<p><span style=\"text-decoration: underline;\">MindShiftGear:<\/span><\/p>\n<ul>\n<li><a href=\"https:\/\/taschenfreak.de\/blog\/2022\/05\/10\/eine-slingbag-fuer-das-mallorca-wochenende-die-mindshift-gear-photocross13-in-der-betrachtung\/\">MindShift Gear Photo Cross 13 (Mai 2022)<\/a><\/li>\n<li><a href=\"https:\/\/taschenfreak.de\/blog\/2018\/03\/31\/der-mindshiftgear-photocross13-slingbag-im-test\/\">MindShiftGear Photo Cross 13 (M\u00e4rz 2018)<\/a><\/li>\n<\/ul>\n<p><span style=\"text-decoration: underline;\">Oberwerth:<\/span><\/p>\n<ul>\n<li><a href=\"https:\/\/taschenfreak.de\/blog\/2023\/07\/28\/braucht-man-eine-sling-bag-hier-und-heute-die-oberwerth-sling-bag-sling\/\">Oberwerth SLING<\/a><\/li>\n<\/ul>\n<p><span style=\"text-decoration: underline;\">Peak Design:<\/span><\/p>\n<ul>\n<li><a href=\"https:\/\/taschenfreak.de\/blog\/2017\/12\/11\/die-peak-design-everyday-sling-10l-im-test-beim-taschenfreak\/\">Peak Design Everyday Sling 10L<\/a><\/li>\n<\/ul>\n<p><span style=\"text-decoration: underline;\">Pentax:<\/span><\/p>\n<ul>\n<li><a href=\"http:\/\/www.taschenfreak.de\/TASCHEN\/PENTAX\/X_Bag\/index.htm\" target=\"_blank\" rel=\"noopener noreferrer\">Pentax X-Bag<\/a><\/li>\n<\/ul>\n<p><span style=\"text-decoration: underline;\">QPAQ:<\/span><\/p>\n<ul>\n<li><a href=\"http:\/\/www.taschenfreak.de\/TASCHEN\/QPAQ\/180\/index.htm\" target=\"_blank\" rel=\"noopener noreferrer\">QPAQ 180 Grad<\/a><\/li>\n<\/ul>\n<p><span style=\"text-decoration: underline;\">Tamrac:<\/span><\/p>\n<ul>\n<li><a href=\"https:\/\/taschenfreak.de\/blog\/2012\/12\/16\/tamrac-evolution-9-sling-rucksack-im-vergleich-zum-lowepro-fastpack-250\/\">Tamrac Evolution 9 Sling &#8211; 5789<\/a>&nbsp;\/&nbsp;<a href=\"https:\/\/taschenfreak.de\/blog\/2013\/03\/09\/tamrac-5789-evolution-9-ein-raumwunder\/\">Tamrac Evolution 9 Sling &#8211; 5789<\/a><\/li>\n<li><a href=\"http:\/\/www.taschenfreak.de\/TASCHEN\/TAMRAC\/VELOCITY8-5768\/index.htm\">Tamrac Velocity 8-5768<\/a><\/li>\n<li><a href=\"http:\/\/www.taschenfreak.de\/TASCHEN\/TAMRAC\/Velocity9\/index.htm\" target=\"_blank\" rel=\"noopener noreferrer\">Tamrac Velocity 9-5749<\/a><\/li>\n<\/ul>\n<p><span style=\"text-decoration: underline;\">Tenba:<\/span><\/p>\n<ul>\n<li><a href=\"https:\/\/taschenfreak.de\/blog\/2023\/10\/06\/tenba-axis-v2-sling-6l-sling-bags-und-ich\/\">Tenba AXIS V2 Sling 6L<\/a><\/li>\n<\/ul>\n<p><span style=\"text-decoration: underline;\">Think Tank Photo:<\/span><\/p>\n<ul>\n<li><a href=\"https:\/\/taschenfreak.de\/blog\/2025\/02\/10\/die-neue-think-tank-photo-press-pass-10-im-test-vergleich-mit-peak-design-sling-6l-outdoor-sling-7l\/\">Think Tank Photo Press Pass 10<\/a><\/li>\n<li><a href=\"https:\/\/taschenfreak.de\/blog\/2013\/04\/24\/packbeispiel-think-tank-sling-o-matic-20\/\"><span style=\"line-height: 16px;\">Think Tank Photo Sling-O-Matic 20<\/span><\/a><\/li>\n<li><a href=\"https:\/\/taschenfreak.de\/blog\/2013\/08\/15\/neue-think-tank-serie-turnstyle-sling-bags\/\">Think Tank Photo TurnStyle Series (5\/10\/20)<\/a><\/li>\n<li><a href=\"https:\/\/taschenfreak.de\/blog\/2013\/08\/23\/turnstyle-10-von-think-tank-frisch-aus-usa-fur-euch\/\">Think Tank Photo TurnStyle 10<\/a><\/li>\n<li><a href=\"https:\/\/taschenfreak.de\/blog\/2014\/02\/04\/die-turnstyle-20-von-think-tank-auch-im-vergleich-zur-turnstyle-10\/\">Think Tank Photo TurnStyle 20 (mit Vergleich zur TurnStyle 10)<\/a><\/li>\n<\/ul>\n<p><span style=\"text-decoration: underline;\">Vanguard:<\/span><\/p>\n<ul>\n<li><a href=\"https:\/\/taschenfreak.de\/blog\/2023\/10\/01\/vanguard-veo-city-cb-34-nv-schon-wieder-eine-sling-bag\/\">Vanguard VEO City CB 34 NV<\/a><\/li>\n<li><a href=\"https:\/\/taschenfreak.de\/blog\/2025\/07\/07\/vanguard-veo-metro-sling-9l-fototasche-im-citytrip-haertetest-verlosung\/\">Vanguard VEO Metro Sling 9L Sand<\/a><\/li>\n<li><a href=\"https:\/\/taschenfreak.de\/blog\/2025\/10\/22\/vanguard-veo-metro-sling-9l-jetzt-in-schwarz-auf-den-malediven\">Vanguard VEO Metro Sling 9L Schwarz<\/a><\/li>\n<li><a href=\"https:\/\/taschenfreak.de\/blog\/2014\/05\/01\/vanguard-adaptor-46-packbeispiel\/\">Vanguard Adaptor 46<\/a><\/li>\n<\/ul>\n<p><span style=\"text-decoration: underline;\">Wotancraft:<\/span><\/p>\n<ul>\n<li><a href=\"https:\/\/taschenfreak.de\/blog\/2025\/10\/25\/wotancraft-easy-rider-v2-10l-sling-bag\/\">Wotancraft EASY RIDER V2 10L<\/a><\/li>\n<li><a href=\"https:\/\/taschenfreak.de\/blog\/2025\/11\/03\/wotancraft-pilot-3-5l-travel-camera-bag-kompakt-elegant-und-unglaublich-praktisch\/\">Wotancraft Pilot 3.5 Black Canvas<\/a><\/li>\n<li><a href=\"https:\/\/taschenfreak.de\/blog\/2025\/04\/24\/wotancraft-pilot-7-sling-7-eine-tasche-nicht-nur-fuer-den-urlaub\/\">Wotancraft Pilot 7 \/ Sling 7L<\/a><\/li>\n<\/ul>\n","protected":false},"excerpt":{"rendered":"<p>Der gro\u00dfe Rucksack-Vergleich &#8211; TOP 12 Rucks\u00e4cke (M\u00e4rz 2019) Artisan &amp; Artist: Artisan &amp; Artist RR4 05C Navy Blue Bilora: Bilora Z-Bag-Flash Compagnon: Compagnon &#8211; Element Sling 7 V2 &#8211; Forrest Green Compagnon &#8211; Element Sling 11 Compagnon &#8211; Element Sling 12L Crumpler: Crumpler Escape 700 f-stop Gear f-stop Gear Fritzroy Aloe (Drab Green) Godspeed:&hellip;<\/p>\n","protected":false},"author":3,"featured_media":0,"parent":2,"menu_order":7,"comment_status":"closed","ping_status":"closed","template":"","meta":{"ngg_post_thumbnail":0,"footnotes":"","_links_to":"","_links_to_target":""},"class_list":["post-484","page","type-page","status-publish","hentry"],"jetpack_shortlink":"https:\/\/wp.me\/P4GMND-7O","jetpack_sharing_enabled":true,"_links":{"self":[{"href":"https:\/\/taschenfreak.de\/blog\/wp-json\/wp\/v2\/pages\/484","targetHints":{"allow":["GET"]}}],"collection":[{"href":"https:\/\/taschenfreak.de\/blog\/wp-json\/wp\/v2\/pages"}],"about":[{"href":"https:\/\/taschenfreak.de\/blog\/wp-json\/wp\/v2\/types\/page"}],"author":[{"embeddable":true,"href":"https:\/\/taschenfreak.de\/blog\/wp-json\/wp\/v2\/users\/3"}],"replies":[{"embeddable":true,"href":"https:\/\/taschenfreak.de\/blog\/wp-json\/wp\/v2\/comments?post=484"}],"version-history":[{"count":15,"href":"https:\/\/taschenfreak.de\/blog\/wp-json\/wp\/v2\/pages\/484\/revisions"}],"predecessor-version":[{"id":14000,"href":"https:\/\/taschenfreak.de\/blog\/wp-json\/wp\/v2\/pages\/484\/revisions\/14000"}],"up":[{"embeddable":true,"href":"https:\/\/taschenfreak.de\/blog\/wp-json\/wp\/v2\/pages\/2"}],"wp:attachment":[{"href":"https:\/\/taschenfreak.de\/blog\/wp-json\/wp\/v2\/media?parent=484"}],"curies":[{"name":"wp","href":"https:\/\/api.w.org\/{rel}","templated":true}]}}