{"id":5225,"date":"2016-02-01T17:32:00","date_gmt":"2016-02-01T16:32:00","guid":{"rendered":"http:\/\/taschenfreak.de\/blog\/?page_id=5225"},"modified":"2019-01-03T09:27:04","modified_gmt":"2019-01-03T08:27:04","slug":"haendler-empfehlungen","status":"publish","type":"page","link":"https:\/\/taschenfreak.de\/blog\/haendler-empfehlungen\/","title":{"rendered":"H\u00e4ndler-Empfehlungen"},"content":{"rendered":"<p style=\"text-align: left;\">Bei diesen H\u00e4ndlern und Herstellern haben wir pers\u00f6nlich&nbsp;schon viele Taschen bestellt und ausschlie\u00dflich sehr gute und zuverl\u00e4ssige Erfahrungen gemacht und k\u00f6nnen jeden davon nur w\u00e4rmstens empfehlen. Die Reihenfolge der Banner und Links ist keine Wertung. Wir stehen hinter allen diesen Empfehlungen und kennen alle die Menschen dahinter &#8211; und das z\u00e4hlt f\u00fcr uns!<\/p>\n<p>&nbsp;<\/p>\n<hr>\n<p><a href=\"https:\/\/thinktankphoto.de\/\"><img loading=\"lazy\" decoding=\"async\" class=\"alignnone size-full\" src=\"http:\/\/taschenfreak.de\/blog\/Banner\/TTPde.jpg\" alt=\"Think Tank kauft man hier\" width=\"400\" height=\"297\"><\/a><\/p>\n<p>&nbsp;<\/p>\n<hr>\n<p style=\"text-align: left;\"><a href=\"http:\/\/compagnon-bags.com\/\"><img loading=\"lazy\" decoding=\"async\" class=\"alignnone size-full wp-image-6626\" src=\"https:\/\/taschenfreak.de\/blog\/wp-content\/uploads\/2016\/12\/Compagnon_Banner_2016.png\" alt=\"\" width=\"200\" height=\"250\"><\/a><\/p>\n<hr>\n<p style=\"text-align: left;\"><a href=\"http:\/\/www.designstraps.de\/?utm_source=website&amp;utm_medium=banner&amp;utm_campaign=taschenfreak\" target=\"_blank\" rel=\"noopener\"><img decoding=\"async\" class=\"alignnone\" style=\"border: none;\" src=\"https:\/\/taschenfreak.de\/blog\/wp-content\/uploads\/2016\/01\/taschenfreak_designstraps.gif\" alt=\"DESIGNSTRAPS\"><\/a><\/p>\n<hr>\n<p style=\"text-align: left;\"><a href=\"http:\/\/www.photoqueen.de\/\" target=\"_blank\" rel=\"noopener\"><img decoding=\"async\" class=\"alignnone\" style=\"width: 222px; height: 380px; border: none;\" src=\"https:\/\/taschenfreak.de\/blog\/wp-content\/uploads\/2018\/11\/2018-11-Banner-PhotoQueen.jpg\" alt=\"Photoqueen Shop\"><\/a><\/p>\n<hr>\n<p style=\"text-align: left;\">Sch\u00f6ne Gr\u00fc\u00dfe &#8211; Euer Taschenfreak &#8211; J\u00f6rg Langer<\/p>\n","protected":false},"excerpt":{"rendered":"<p>Bei diesen H\u00e4ndlern und Herstellern haben wir pers\u00f6nlich&nbsp;schon viele Taschen bestellt und ausschlie\u00dflich sehr gute und zuverl\u00e4ssige Erfahrungen gemacht und k\u00f6nnen jeden davon nur w\u00e4rmstens empfehlen. Die Reihenfolge der Banner und Links ist keine Wertung. Wir stehen hinter allen diesen Empfehlungen und kennen alle die Menschen dahinter &#8211; und das z\u00e4hlt f\u00fcr uns! &nbsp; &nbsp;&hellip;<\/p>\n","protected":false},"author":3,"featured_media":0,"parent":0,"menu_order":5,"comment_status":"closed","ping_status":"closed","template":"","meta":{"ngg_post_thumbnail":0,"footnotes":"","_links_to":"","_links_to_target":""},"class_list":["post-5225","page","type-page","status-publish","hentry"],"jetpack_shortlink":"https:\/\/wp.me\/P4GMND-1mh","jetpack_sharing_enabled":true,"_links":{"self":[{"href":"https:\/\/taschenfreak.de\/blog\/wp-json\/wp\/v2\/pages\/5225","targetHints":{"allow":["GET"]}}],"collection":[{"href":"https:\/\/taschenfreak.de\/blog\/wp-json\/wp\/v2\/pages"}],"about":[{"href":"https:\/\/taschenfreak.de\/blog\/wp-json\/wp\/v2\/types\/page"}],"author":[{"embeddable":true,"href":"https:\/\/taschenfreak.de\/blog\/wp-json\/wp\/v2\/users\/3"}],"replies":[{"embeddable":true,"href":"https:\/\/taschenfreak.de\/blog\/wp-json\/wp\/v2\/comments?post=5225"}],"version-history":[{"count":8,"href":"https:\/\/taschenfreak.de\/blog\/wp-json\/wp\/v2\/pages\/5225\/revisions"}],"predecessor-version":[{"id":9009,"href":"https:\/\/taschenfreak.de\/blog\/wp-json\/wp\/v2\/pages\/5225\/revisions\/9009"}],"wp:attachment":[{"href":"https:\/\/taschenfreak.de\/blog\/wp-json\/wp\/v2\/media?parent=5225"}],"curies":[{"name":"wp","href":"https:\/\/api.w.org\/{rel}","templated":true}]}}