{"id":554,"date":"2012-01-07T15:27:40","date_gmt":"2012-01-07T14:27:40","guid":{"rendered":"http:\/\/taschenfreak.de\/blog\/?page_id=554"},"modified":"2018-05-15T12:07:24","modified_gmt":"2018-05-15T10:07:24","slug":"schutzhullen-einschlagtucher","status":"publish","type":"page","link":"https:\/\/taschenfreak.de\/blog\/nachart\/schutzhullen-einschlagtucher\/","title":{"rendered":"Schutzh\u00fcllen \/ Einschlagt\u00fccher"},"content":{"rendered":"<p><span style=\"text-decoration: underline;\">Artisan &amp; Artist:<\/span><\/p>\n<ul>\n<li><a href=\"https:\/\/taschenfreak.de\/blog\/2016\/01\/23\/artisan-artist-zwei-zubehoerteile-fuer-die-leica-q-acam-290-und-acam-75\/\">Artisan &amp; Artist ACAM-75 (und ACAM-290)<\/a><\/li>\n<\/ul>\n<p><span style=\"text-decoration: underline;\">Novoflex:<\/span><\/p>\n<ul>\n<li><a href=\"http:\/\/www.taschenfreak.de\/TASCHEN\/NOVOFLEX\/Bluewrap_L\/index.htm\" target=\"_blank\">Novoflex Bluewrap L<\/a><\/li>\n<\/ul>\n<p><span style=\"text-decoration: underline;\">Op\/Tech:<\/span><\/p>\n<ul>\n<li><span style=\"line-height: 16px;\"><a href=\"https:\/\/taschenfreak.de\/blog\/2013\/03\/01\/optech-gimbal-head-cover-oder-endlich-ein-schutz-furs-pano-set\/\">Op\/Tech Gimbal Head Cover &#8211; auch gut als Schutz f\u00fcr Pano-Sets<\/a><br \/>\n<\/span><\/li>\n<\/ul>\n<p><span style=\"text-decoration: underline;\">PCP:<\/span><\/p>\n<ul>\n<li><a href=\"http:\/\/www.taschenfreak.de\/TASCHEN\/PCP\/PCP_ST_S\/index.htm\" target=\"_blank\">PCP Schutztuch Gr\u00f6\u00dfe S<\/a><\/li>\n<li><a href=\"http:\/\/www.taschenfreak.de\/TASCHEN\/PCP\/PCP_ST_M\/index.htm\" target=\"_blank\">PCP Schutztuch Gr\u00f6\u00dfe M<\/a><\/li>\n<li><a href=\"http:\/\/www.taschenfreak.de\/TASCHEN\/PCP\/PCP_ST_L\/index.htm\" target=\"_blank\">PCP Schutztuch Gr\u00f6\u00dfe L<\/a><\/li>\n<\/ul>\n","protected":false},"excerpt":{"rendered":"<p>Artisan &amp; Artist: Artisan &amp; Artist ACAM-75 (und ACAM-290) Novoflex: Novoflex Bluewrap L Op\/Tech: Op\/Tech Gimbal Head Cover &#8211; auch gut als Schutz f\u00fcr Pano-Sets PCP: PCP Schutztuch Gr\u00f6\u00dfe S PCP Schutztuch Gr\u00f6\u00dfe M PCP Schutztuch Gr\u00f6\u00dfe L<\/p>\n","protected":false},"author":3,"featured_media":0,"parent":2,"menu_order":21,"comment_status":"closed","ping_status":"closed","template":"","meta":{"ngg_post_thumbnail":0,"footnotes":"","_links_to":"","_links_to_target":""},"class_list":["post-554","page","type-page","status-publish","hentry"],"jetpack_shortlink":"https:\/\/wp.me\/P4GMND-8W","jetpack_sharing_enabled":true,"_links":{"self":[{"href":"https:\/\/taschenfreak.de\/blog\/wp-json\/wp\/v2\/pages\/554","targetHints":{"allow":["GET"]}}],"collection":[{"href":"https:\/\/taschenfreak.de\/blog\/wp-json\/wp\/v2\/pages"}],"about":[{"href":"https:\/\/taschenfreak.de\/blog\/wp-json\/wp\/v2\/types\/page"}],"author":[{"embeddable":true,"href":"https:\/\/taschenfreak.de\/blog\/wp-json\/wp\/v2\/users\/3"}],"replies":[{"embeddable":true,"href":"https:\/\/taschenfreak.de\/blog\/wp-json\/wp\/v2\/comments?post=554"}],"version-history":[{"count":0,"href":"https:\/\/taschenfreak.de\/blog\/wp-json\/wp\/v2\/pages\/554\/revisions"}],"up":[{"embeddable":true,"href":"https:\/\/taschenfreak.de\/blog\/wp-json\/wp\/v2\/pages\/2"}],"wp:attachment":[{"href":"https:\/\/taschenfreak.de\/blog\/wp-json\/wp\/v2\/media?parent=554"}],"curies":[{"name":"wp","href":"https:\/\/api.w.org\/{rel}","templated":true}]}}