{"id":558,"date":"2012-01-07T15:31:58","date_gmt":"2012-01-07T14:31:58","guid":{"rendered":"http:\/\/taschenfreak.de\/blog\/?page_id=558"},"modified":"2018-05-15T12:07:24","modified_gmt":"2018-05-15T10:07:24","slug":"selbstbaufotos","status":"publish","type":"page","link":"https:\/\/taschenfreak.de\/blog\/nachart\/selbstbaufotos\/","title":{"rendered":"Selbstbaufotos"},"content":{"rendered":"<ul>\n<li><a href=\"https:\/\/taschenfreak.de\/blog\/2017\/04\/26\/zipper-verlaengerungen-und-griff-hilfen\/\">Zipper &#8211; Griff Verl\u00e4ngerungen f\u00fcr Rei\u00dfverschl\u00fcsse<\/a><\/li>\n<li><a href=\"https:\/\/taschenfreak.de\/blog\/2016\/11\/01\/das-diy-trollyband-fuer-den-compagnon-backpack\/\">Compagnon &#8211; The Backpack (Orange) mit DIY-Trollyband<\/a><\/li>\n<li><a href=\"https:\/\/taschenfreak.de\/blog\/2016\/03\/18\/eine-perfekte-diy-stativhalterung-fuer-die-think-tank-photo-retrospektive-7-leather\/\">Think Tank Photo Retrospective 7 Leather mit DIY-Stativholster<\/a><\/li>\n<li><a href=\"https:\/\/taschenfreak.de\/blog\/2015\/11\/29\/vom-babyjogger-zum-telejogger-diy\/\">Vom Babyjogger zum Telejogger<\/a><\/li>\n<li><a href=\"https:\/\/taschenfreak.de\/blog\/2012\/02\/22\/prototyp-unikat-lensbag-v-1-0\/\">Binder LensBag v 1.0<\/a><\/li>\n<li><a href=\"http:\/\/www.taschenfreak.de\/TASCHEN\/ZARGES\/BW-60L-TRANSPORTWAGEN\/index.htm\" target=\"_blank\" rel=\"noopener noreferrer\">Transportwagen &#8211; Zarges 60L &#8211; Bundeswehr<\/a><\/li>\n<li><a href=\"http:\/\/www.taschenfreak.de\/TASCHEN\/SELBSTBAU\/G_und_G_Koffer\/index.htm\" target=\"_blank\" rel=\"noopener noreferrer\">Koffer nach Ma\u00df &#8211; G und G&nbsp;<\/a><\/li>\n<li><a href=\"http:\/\/www.taschenfreak.de\/TASCHEN\/SELBSTBAU\/Alukoffer_Stefan_Lacalli\/index.htm\" target=\"_blank\" rel=\"noopener noreferrer\">Aluminiumkoffer das volle Programm<\/a><\/li>\n<li><a href=\"http:\/\/www.taschenfreak.de\/TASCHEN\/SELBSTBAU\/URBANFIGHTER\/index.htm\" target=\"_blank\" rel=\"noopener noreferrer\">Urban Flighter<\/a><\/li>\n<li><a href=\"http:\/\/www.taschenfreak.de\/TASCHEN\/SELBSTBAU\/NOTEBOOKCASE-MD\/index.htm\" target=\"_blank\" rel=\"noopener noreferrer\">Notebook Case MD<\/a><\/li>\n<li><a href=\"http:\/\/www.taschenfreak.de\/TASCHEN\/BUNDESWEHR\/KampftascheKlein\/index.htm\" target=\"_blank\" rel=\"noopener noreferrer\">Kampftasche klein<\/a><\/li>\n<li><a href=\"http:\/\/www.taschenfreak.de\/TASCHEN\/ARAL\/Trolley_Blitze\/index.htm\" target=\"_blank\" rel=\"noopener noreferrer\">Aral Trolley f\u00fcr Studioblitze<\/a><\/li>\n<li><a href=\"http:\/\/www.taschenfreak.de\/TASCHEN\/ZARGES\/470-60L\/index.htm\" target=\"_blank\" rel=\"noopener noreferrer\">Zarges K470-60L mit Schaumstoff konfektioniert<\/a><\/li>\n<li><a href=\"http:\/\/www.taschenfreak.de\/TASCHEN\/SELBSTBAU\/TrollyBuehler\/index.htm\" target=\"_blank\" rel=\"noopener noreferrer\">Trolley Eigenbau Frank Buehler<\/a><\/li>\n<li><a href=\"http:\/\/www.taschenfreak.de\/TASCHEN\/SELBSTBAU\/Hassikoffer\/index.htm\" target=\"_blank\" rel=\"noopener noreferrer\">Hassikoffer<\/a><\/li>\n<li><a href=\"http:\/\/www.taschenfreak.de\/TASCHEN\/SELBSTBAU\/TROLLEY_SELBSTBAU_IC\/index.htm\" target=\"_blank\" rel=\"noopener noreferrer\">Trolley Selbstbau Ingo Cordes<\/a><\/li>\n<li><a href=\"http:\/\/www.taschenfreak.de\/TASCHEN\/SELBSTBAU\/TrollyKata\/index.htm\" target=\"_blank\" rel=\"noopener noreferrer\">Trolley f\u00fcr Kata und andere Taschen<\/a><\/li>\n<li><a href=\"http:\/\/www.taschenfreak.de\/TASCHEN\/SONSTIGES\/OmawagenJL\/index.htm\" target=\"_blank\" rel=\"noopener noreferrer\">Trolly f\u00fcr Lowepro D650 &#8211; Oma Einkaufswagen<\/a><\/li>\n<li><a href=\"https:\/\/taschenfreak.de\/blog\/2014\/02\/07\/rucksackbestigung-von-toploadern-an-rucksaecken\/\">Rucksackbefestigung Lowepro Toploader Pro 75 AW<\/a><\/li>\n<\/ul>\n","protected":false},"excerpt":{"rendered":"<p>Zipper &#8211; Griff Verl\u00e4ngerungen f\u00fcr Rei\u00dfverschl\u00fcsse Compagnon &#8211; The Backpack (Orange) mit DIY-Trollyband Think Tank Photo Retrospective 7 Leather mit DIY-Stativholster Vom Babyjogger zum Telejogger Binder LensBag v 1.0 Transportwagen &#8211; Zarges 60L &#8211; Bundeswehr Koffer nach Ma\u00df &#8211; G und G&nbsp; Aluminiumkoffer das volle Programm Urban Flighter Notebook Case MD Kampftasche klein Aral Trolley&hellip;<\/p>\n","protected":false},"author":3,"featured_media":0,"parent":2,"menu_order":22,"comment_status":"closed","ping_status":"closed","template":"","meta":{"ngg_post_thumbnail":0,"footnotes":"","_links_to":"","_links_to_target":""},"class_list":["post-558","page","type-page","status-publish","hentry"],"jetpack_shortlink":"https:\/\/wp.me\/P4GMND-90","jetpack_sharing_enabled":true,"_links":{"self":[{"href":"https:\/\/taschenfreak.de\/blog\/wp-json\/wp\/v2\/pages\/558","targetHints":{"allow":["GET"]}}],"collection":[{"href":"https:\/\/taschenfreak.de\/blog\/wp-json\/wp\/v2\/pages"}],"about":[{"href":"https:\/\/taschenfreak.de\/blog\/wp-json\/wp\/v2\/types\/page"}],"author":[{"embeddable":true,"href":"https:\/\/taschenfreak.de\/blog\/wp-json\/wp\/v2\/users\/3"}],"replies":[{"embeddable":true,"href":"https:\/\/taschenfreak.de\/blog\/wp-json\/wp\/v2\/comments?post=558"}],"version-history":[{"count":0,"href":"https:\/\/taschenfreak.de\/blog\/wp-json\/wp\/v2\/pages\/558\/revisions"}],"up":[{"embeddable":true,"href":"https:\/\/taschenfreak.de\/blog\/wp-json\/wp\/v2\/pages\/2"}],"wp:attachment":[{"href":"https:\/\/taschenfreak.de\/blog\/wp-json\/wp\/v2\/media?parent=558"}],"curies":[{"name":"wp","href":"https:\/\/api.w.org\/{rel}","templated":true}]}}