{"id":562,"date":"2012-01-07T15:40:04","date_gmt":"2012-01-07T14:40:04","guid":{"rendered":"http:\/\/taschenfreak.de\/blog\/?page_id=562"},"modified":"2025-05-27T13:43:40","modified_gmt":"2025-05-27T11:43:40","slug":"vergleichsfotos","status":"publish","type":"page","link":"https:\/\/taschenfreak.de\/blog\/nachart\/vergleichsfotos\/","title":{"rendered":"Vergleichsfotos"},"content":{"rendered":"<ul>\n<li><a href=\"https:\/\/taschenfreak.de\/blog\/2025\/05\/27\/vanguard-veo-metro-vergleich-25l-vs-30l-was-sind-die-unterschiede\/\">Vanguard VEO METRO 25L vs 30L &#8211; zwei Backpacks<\/a><\/li>\n<li><a href=\"https:\/\/taschenfreak.de\/blog\/2025\/05\/26\/think-tank-photo-rucksack-vergleich-walker-pro-30l-vs-dark-light-20l-vs-airport-commuter\/\">Think Tank Photo Walker Pro 30L vs. Dark Light 20L vs. Airport Commuter<\/a><\/li>\n<li><a href=\"https:\/\/taschenfreak.de\/blog\/2025\/02\/10\/die-neue-think-tank-photo-press-pass-10-im-test-vergleich-mit-peak-design-sling-6l-outdoor-sling-7l\/\">Think Tank Photo Press Pass 10 vs. Peak Design Sling 6L vs. Peak Design Outdoor Sling 7L<\/a><\/li>\n<li><a href=\"https:\/\/taschenfreak.de\/blog\/2024\/11\/06\/think-tank-photo-retrospective-4-v2-0-vs-retrospective-5-v2-0-im-direkten-vergleich\/\">Think Tank Photo Retrospective 4 V2.0 und Retrospective 5 V2.0 (im direkten Vergleich)<\/a><\/li>\n<li><a href=\"https:\/\/taschenfreak.de\/blog\/2023\/03\/03\/vergleich-der-alltagsrucksaecke-brevite-jumper-vs-lowepro-truckee-bp-250-vs-tenba-dna-dslr-backpack\/\">Der Alltagsrucksack-Vergleich: Brevite Jumper vs. Lowepro Truckee BP250 LX vs. Tenba DNA DSLR 16 Backpack<\/a><\/li>\n<li><a href=\"https:\/\/taschenfreak.de\/blog\/2019\/03\/20\/der-grosse-rucksack-vergleich-auf-taschenfreak-maerz-2019\/\">Der gro\u00dfe Rucksack-Vergleich &#8211; TOP 12 Rucks\u00e4cke (M\u00e4rz 2019)<\/a><\/li>\n<li><a href=\"https:\/\/taschenfreak.de\/blog\/2018\/09\/02\/f-stop-gear-lotus-vs-compagnon-explorer-plus-backpack-zwei-aus-der-koenigsklasse\/\">f-Stop Gear Lotus vs.<\/a><a href=\"https:\/\/taschenfreak.de\/blog\/2018\/09\/02\/f-stop-gear-lotus-vs-compagnon-explorer-plus-backpack-zwei-aus-der-koenigsklasse\/\">Compagnon The Explorer Plus <\/a><a href=\"https:\/\/taschenfreak.de\/blog\/2018\/09\/02\/f-stop-gear-lotus-vs-compagnon-explorer-plus-backpack-zwei-aus-der-koenigsklasse\/\">im Vergleich<\/a><\/li>\n<li><a href=\"https:\/\/taschenfreak.de\/blog\/2018\/01\/09\/vergleich-peak-design-everyday-sing-10-vs-peak-design-everyday-messenger-13\/\">Peak Design Everyday Sling 10L im Vergleich zur Everyday Messenger 13<\/a><\/li>\n<li><a href=\"https:\/\/taschenfreak.de\/blog\/2016\/09\/05\/der-evoc-photo-scout-mit-18l-volumen-mit-dem-evoc-photo-cp-26l-verglichen\/\" target=\"_blank\" rel=\"noopener noreferrer\">EVOC Photo 18L mit dem EVOC Photo CP 26L verglichen<\/a><\/li>\n<li><a href=\"https:\/\/taschenfreak.de\/blog\/2016\/08\/26\/think-tank-retrospective-5-versus-retrospective-6\/\">Think Tank Photo Retrospective 6 (im Vergleich zur Retrospective 5)<\/a><\/li>\n<li><a href=\"https:\/\/taschenfreak.de\/blog\/2015\/04\/28\/ich-werde-oft-nach-dem-rucksack-gefragt\/\">Lowepro Hatchback 22L und Lowepro Compu Rover AW und Think Tank Photo Airport Essentials<\/a><\/li>\n<li><a href=\"https:\/\/taschenfreak.de\/blog\/2011\/11\/16\/packbeispiele-domke-f2-und-domke-f7\/\" target=\"_blank\" rel=\"noopener noreferrer\">Domke F2 vs. Domke F7<\/a><\/li>\n<li><a href=\"http:\/\/www.taschenfreak.de\/TASCHEN\/KATA\/3N120_vs_3N130\/index.htm\" target=\"_blank\" rel=\"noopener noreferrer\">KATA 3N1-20 vs. KATA 3N1-30<\/a><\/li>\n<li><a href=\"https:\/\/taschenfreak.de\/blog\/2011\/09\/28\/vergleich-lowepro-compu-trekker-aw-und-lowepro-super-trekker-ii-aw\/\" target=\"_blank\" rel=\"noopener noreferrer\">Lowepro Compu Trekker AW vs. Lowepro Super Trekker II AW<\/a><\/li>\n<li><a href=\"http:\/\/www.taschenfreak.de\/TASCHEN\/VERGLEICHSBILDER\/LP_Classified_200_vs_250\/index.htm\" target=\"_blank\" rel=\"noopener noreferrer\">Lowepro Classifield 200 vs. Classifield 250<\/a><\/li>\n<li><a href=\"http:\/\/www.taschenfreak.de\/TASCHEN\/VERGLEICHSBILDER\/LPSS100_KATA3N120_KATA3N110\/index.htm\" target=\"_blank\" rel=\"noopener noreferrer\">Lowepro SlingShot 100 AW vs. Kata 3N1-20 vs. Kata 3N1-10<\/a><\/li>\n<li><a href=\"http:\/\/www.taschenfreak.de\/TASCHEN\/VERGLEICHSBILDER\/LPVertex_200_vs_300\/index.htm\" target=\"_blank\" rel=\"noopener noreferrer\">Lowepro Vertex 200 AW vs. Lowepro Vertex 300 AW<\/a><\/li>\n<li><a href=\"http:\/\/www.taschenfreak.de\/TASCHEN\/VERGLEICHSBILDER\/LPInverse200vsTTPSpeedFreak\/index.htm\" target=\"_blank\" rel=\"noopener noreferrer\">Lowepro Inverse 200 AW vs. Think Tank Photo Speed Freak<\/a><\/li>\n<li><a href=\"http:\/\/www.taschenfreak.de\/TASCHEN\/VERGLEICHSBILDER\/TamracAdventure9vsCrumplerPyjamaPrideL\/index.htm\" target=\"_blank\" rel=\"noopener noreferrer\">Tamrac Adventure 9 vs. Crumpler Pyjama Pride L<\/a><\/li>\n<li><a href=\"http:\/\/www.taschenfreak.de\/TASCHEN\/VERGLEICHSBILDER\/TamracAdventure9vsLPRoverIIAW\/index.htm\" target=\"_blank\" rel=\"noopener noreferrer\">Tamrac Adventure 9 vs. Lowepro Rover II AW<\/a><\/li>\n<li><a href=\"http:\/\/www.taschenfreak.de\/TASCHEN\/VERGLEICHSBILDER\/LPNTIIAWvsLPPTIIAW\/index.htm\" target=\"_blank\" rel=\"noopener noreferrer\">Lowepro Nature Trekker II AW vs. Lowepro Photo Trekker II AW<\/a><\/li>\n<li><a href=\"http:\/\/www.taschenfreak.de\/TASCHEN\/VERGLEICHSBILDER\/SS200AWvsSS300AW\/index.htm\" target=\"_blank\" rel=\"noopener noreferrer\">Lowepro SlingShot 200 AW vs. SlingShot 300 AW<\/a><\/li>\n<li><a href=\"http:\/\/www.taschenfreak.de\/TASCHEN\/VERGLEICHSBILDER\/DomkeJ3vsLPSREPD550\/index.htm\" target=\"_blank\" rel=\"noopener noreferrer\">Lowepro Stealth Reporter D550 vs. Domke J3<\/a><\/li>\n<li><a href=\"http:\/\/www.taschenfreak.de\/TASCHEN\/VERGLEICHSBILDER\/LPCTPLUSAW-NOVA5AW\/index.htm\" target=\"_blank\" rel=\"noopener noreferrer\">Lowepro Compu Trekker Plus AW vs. Lowepro Nova 5 AW<\/a><\/li>\n<li><a href=\"http:\/\/www.taschenfreak.de\/TASCHEN\/VERGLEICHSBILDER\/LPCTAWvsLPCRAW\/index.htm\" target=\"_blank\" rel=\"noopener noreferrer\">Lowepro Compu Trekker AW vs. Lowepro Compu Rover AW&nbsp;<\/a><\/li>\n<li><a href=\"http:\/\/www.taschenfreak.de\/TASCHEN\/VERGLEICHSBILDER\/OfftrailIIvsTenereL\/index.htm\" target=\"_blank\" rel=\"noopener noreferrer\">Lowepro Off Trail II vs. Jack Wolfskin Tenere L<\/a><\/li>\n<li><a href=\"http:\/\/www.taschenfreak.de\/TASCHEN\/VERGLEICHSBILDER\/TAMAero75_KataDR466_Kata3N120_Kata3N110\/index.htm\" target=\"_blank\" rel=\"noopener noreferrer\">Tamrac Aero 75 vs. Kata DR-466 vs. Kata 3N1-20 vs. Kata 3N1-10<\/a><\/li>\n<li><a href=\"http:\/\/www.taschenfreak.de\/TASCHEN\/VERGLEICHSBILDER\/TTP_DH40_DH50\/index.htm\" target=\"_blank\" rel=\"noopener noreferrer\">Think Tank Digital Holster 40 vs. Digital Holster 50<\/a><\/li>\n<li><a href=\"http:\/\/www.taschenfreak.de\/TASCHEN\/VERGLEICHSBILDER\/TTPSWHD_Kata3N130_LPFP250_GSSV616\/index.htm\" target=\"_blank\" rel=\"noopener noreferrer\">Think Tank StreetWalker Harddrive vs. Lowepro FastPack 250 vs. Goodspeed 616 vs. Kata 3N1-30<\/a><\/li>\n<li><a href=\"https:\/\/taschenfreak.de\/blog\/2013\/05\/02\/vergleich-lowepro-pro-trekker-400aw-und-thinktank-airport-accelerator\/\">Lowepro Pro Trekker 400AW vs. Think Tank Photo Airport Accelator<\/a><\/li>\n<li><a href=\"https:\/\/taschenfreak.de\/blog\/2014\/02\/04\/die-turnstyle-20-von-think-tank-auch-im-vergleich-zur-turnstyle-10\/\">Think Tank Photo&nbsp;TurnStyle 20 (mit Vergleich zur TurnStyle 10)<\/a><\/li>\n<li><a href=\"https:\/\/taschenfreak.de\/blog\/2015\/06\/22\/der-manfrotto-mb-mp-rl-70bb-01-als-begleiter-eines-peoplefotografen\/\">Manfrotto MB MP-RL-70BB mit Vergleich zum Think Tank Photo Logistics Manager<\/a><\/li>\n<\/ul>\n","protected":false},"excerpt":{"rendered":"<p>Vanguard VEO METRO 25L vs 30L &#8211; zwei Backpacks Think Tank Photo Walker Pro 30L vs. Dark Light 20L vs. Airport Commuter Think Tank Photo Press Pass 10 vs. Peak Design Sling 6L vs. Peak Design Outdoor Sling 7L Think Tank Photo Retrospective 4 V2.0 und Retrospective 5 V2.0 (im direkten Vergleich) Der Alltagsrucksack-Vergleich: Brevite&hellip;<\/p>\n","protected":false},"author":3,"featured_media":0,"parent":2,"menu_order":23,"comment_status":"closed","ping_status":"closed","template":"","meta":{"ngg_post_thumbnail":0,"footnotes":"","_links_to":"","_links_to_target":""},"class_list":["post-562","page","type-page","status-publish","hentry"],"jetpack_shortlink":"https:\/\/wp.me\/P4GMND-94","jetpack_sharing_enabled":true,"_links":{"self":[{"href":"https:\/\/taschenfreak.de\/blog\/wp-json\/wp\/v2\/pages\/562","targetHints":{"allow":["GET"]}}],"collection":[{"href":"https:\/\/taschenfreak.de\/blog\/wp-json\/wp\/v2\/pages"}],"about":[{"href":"https:\/\/taschenfreak.de\/blog\/wp-json\/wp\/v2\/types\/page"}],"author":[{"embeddable":true,"href":"https:\/\/taschenfreak.de\/blog\/wp-json\/wp\/v2\/users\/3"}],"replies":[{"embeddable":true,"href":"https:\/\/taschenfreak.de\/blog\/wp-json\/wp\/v2\/comments?post=562"}],"version-history":[{"count":8,"href":"https:\/\/taschenfreak.de\/blog\/wp-json\/wp\/v2\/pages\/562\/revisions"}],"predecessor-version":[{"id":12836,"href":"https:\/\/taschenfreak.de\/blog\/wp-json\/wp\/v2\/pages\/562\/revisions\/12836"}],"up":[{"embeddable":true,"href":"https:\/\/taschenfreak.de\/blog\/wp-json\/wp\/v2\/pages\/2"}],"wp:attachment":[{"href":"https:\/\/taschenfreak.de\/blog\/wp-json\/wp\/v2\/media?parent=562"}],"curies":[{"name":"wp","href":"https:\/\/api.w.org\/{rel}","templated":true}]}}