{"id":8225,"date":"2018-03-31T09:37:59","date_gmt":"2018-03-31T07:37:59","guid":{"rendered":"http:\/\/taschenfreak.de\/blog\/?page_id=8225"},"modified":"2018-05-15T12:07:11","modified_gmt":"2018-05-15T10:07:11","slug":"filtertaschen","status":"publish","type":"page","link":"https:\/\/taschenfreak.de\/blog\/nachart\/filtertaschen\/","title":{"rendered":"Filtertaschen"},"content":{"rendered":"<p><strong>Der gro\u00dfe Filtertaschentest mit Christian Ohlig zusammen (M\u00e4rz 2018):<\/strong><\/p>\n<ul>\n<li><a href=\"https:\/\/taschenfreak.de\/blog\/?p=8106\">Der gro\u00dfe Filtertaschentest &#8211; DAS INTRO<\/a><\/li>\n<li><a href=\"https:\/\/taschenfreak.de\/blog\/?p=8113\">Der gro\u00dfe Filtertaschentest &#8211; LEE FILTERS FILTER POUCH<\/a><\/li>\n<li><a href=\"https:\/\/taschenfreak.de\/blog\/?p=8118\">Der gro\u00dfe Filtertaschentest &#8211; ROLLEI FILTERTASCHE 100<\/a><\/li>\n<li><a href=\"https:\/\/taschenfreak.de\/blog\/?p=8125\">Der gro\u00dfe Filtertaschentest &#8211; TERRASCAPE FILTER BAG CLASSIC III<\/a><\/li>\n<li><a href=\"https:\/\/taschenfreak.de\/blog\/?p=8134\">Der gro\u00dfe Filtertaschentest &#8211; NISI ALL IN ONE CASE<\/a><\/li>\n<li><a href=\"https:\/\/taschenfreak.de\/blog\/?p=8139\">Der gro\u00dfe Filtertaschentest &#8211; LOWEPRO S&amp;F FILTER POUCH<\/a><\/li>\n<li><a href=\"https:\/\/taschenfreak.de\/blog\/?p=8143\">Der gro\u00dfe Filtertaschentest &#8211; F-STOP GEAR FILTER CASE<\/a><\/li>\n<li><a href=\"https:\/\/taschenfreak.de\/blog\/?p=8147\">Der gro\u00dfe Filtertaschentest &#8211; HAIDA FILTERTASCHE<\/a><\/li>\n<li><a href=\"https:\/\/taschenfreak.de\/blog\/?p=8151\">Der gro\u00dfe Filtertaschentest &#8211; MINDSHIFTGEAR FILTER HIVE MINI<\/a><\/li>\n<li><a href=\"https:\/\/taschenfreak.de\/blog\/?p=8157\">Der gro\u00dfe Filtertaschentest &#8211; TERRASCAPE FILTER BAG SMALL ONE III<\/a><\/li>\n<li><a href=\"https:\/\/taschenfreak.de\/blog\/?p=8161\">Der gro\u00dfe Filtertaschentest &#8211; MINDSHIFTGEAR FILTER HIVE<\/a><\/li>\n<li><a href=\"https:\/\/taschenfreak.de\/blog\/2018\/04\/11\/der-grosse-filtertaschentest-das-finale-unsere-top3-filtertaschen\/\">Der gro\u00dfe Filtertaschentest &#8211; DAS FINALE &#8211; DIE TOP3 FILTERTASCHEN<\/a><\/li>\n<\/ul>\n<p><strong>Nach Hersteller sortiert:<\/strong><\/p>\n<ul>\n<li><span style=\"text-decoration: underline;\">F-STOP GEAR<\/span>\n<ul>\n<li><a href=\"https:\/\/taschenfreak.de\/blog\/?p=8143\">f-stop gear Filter Case<\/a><\/li>\n<\/ul>\n<\/li>\n<li><span style=\"text-decoration: underline;\">HAIDA<\/span>\n<ul>\n<li><a href=\"https:\/\/taschenfreak.de\/blog\/?p=8147\">HAIDA Filtertasche 100<\/a><\/li>\n<\/ul>\n<\/li>\n<li><span style=\"text-decoration: underline;\">LEE FILTERS<\/span>\n<ul>\n<li><a href=\"https:\/\/taschenfreak.de\/blog\/?p=8113\">Lee Filters Filter Pouch<\/a><\/li>\n<\/ul>\n<\/li>\n<li><span style=\"text-decoration: underline;\">LOWEPRO<\/span>\n<ul>\n<li><a href=\"https:\/\/taschenfreak.de\/blog\/?p=8139\">Lowepro S&amp;F Filter Pouch<\/a><\/li>\n<\/ul>\n<\/li>\n<li><span style=\"text-decoration: underline;\">MINDSHIFTGEAR<\/span>\n<ul>\n<li><a href=\"https:\/\/taschenfreak.de\/blog\/?p=8161\">MindShiftGear Filter Hive<\/a><\/li>\n<li><a href=\"https:\/\/taschenfreak.de\/blog\/?p=8151\">MindShiftGear Filter Hive Mini<\/a><\/li>\n<\/ul>\n<\/li>\n<li><span style=\"text-decoration: underline;\">NISI<\/span>\n<ul>\n<li><a href=\"https:\/\/taschenfreak.de\/blog\/?p=8134\">NISI All in One Case<\/a><\/li>\n<\/ul>\n<\/li>\n<li><span style=\"text-decoration: underline;\">ROLLEI<\/span>\n<ul>\n<li><a href=\"https:\/\/taschenfreak.de\/blog\/?p=8118\">Rollei Filtertasche 100<\/a><\/li>\n<\/ul>\n<\/li>\n<li><span style=\"text-decoration: underline;\">TERRASCAPE<\/span>\n<ul>\n<li><a href=\"https:\/\/taschenfreak.de\/blog\/?p=8125\">Terrascape Filter Bag CLASSIC III<\/a><\/li>\n<li><a href=\"https:\/\/taschenfreak.de\/blog\/?p=8157\">Terrascape Filter Bag SMALL ONE III<\/a><\/li>\n<\/ul>\n<\/li>\n<\/ul>\n","protected":false},"excerpt":{"rendered":"<p>Der gro\u00dfe Filtertaschentest mit Christian Ohlig zusammen (M\u00e4rz 2018): Der gro\u00dfe Filtertaschentest &#8211; DAS INTRO Der gro\u00dfe Filtertaschentest &#8211; LEE FILTERS FILTER POUCH Der gro\u00dfe Filtertaschentest &#8211; ROLLEI FILTERTASCHE 100 Der gro\u00dfe Filtertaschentest &#8211; TERRASCAPE FILTER BAG CLASSIC III Der gro\u00dfe Filtertaschentest &#8211; NISI ALL IN ONE CASE Der gro\u00dfe Filtertaschentest &#8211; LOWEPRO S&amp;F FILTER&hellip;<\/p>\n","protected":false},"author":3,"featured_media":0,"parent":2,"menu_order":0,"comment_status":"closed","ping_status":"closed","template":"","meta":{"ngg_post_thumbnail":0,"footnotes":"","_links_to":"","_links_to_target":""},"class_list":["post-8225","page","type-page","status-publish","hentry"],"jetpack_shortlink":"https:\/\/wp.me\/P4GMND-28F","jetpack_sharing_enabled":true,"_links":{"self":[{"href":"https:\/\/taschenfreak.de\/blog\/wp-json\/wp\/v2\/pages\/8225","targetHints":{"allow":["GET"]}}],"collection":[{"href":"https:\/\/taschenfreak.de\/blog\/wp-json\/wp\/v2\/pages"}],"about":[{"href":"https:\/\/taschenfreak.de\/blog\/wp-json\/wp\/v2\/types\/page"}],"author":[{"embeddable":true,"href":"https:\/\/taschenfreak.de\/blog\/wp-json\/wp\/v2\/users\/3"}],"replies":[{"embeddable":true,"href":"https:\/\/taschenfreak.de\/blog\/wp-json\/wp\/v2\/comments?post=8225"}],"version-history":[{"count":0,"href":"https:\/\/taschenfreak.de\/blog\/wp-json\/wp\/v2\/pages\/8225\/revisions"}],"up":[{"embeddable":true,"href":"https:\/\/taschenfreak.de\/blog\/wp-json\/wp\/v2\/pages\/2"}],"wp:attachment":[{"href":"https:\/\/taschenfreak.de\/blog\/wp-json\/wp\/v2\/media?parent=8225"}],"curies":[{"name":"wp","href":"https:\/\/api.w.org\/{rel}","templated":true}]}}