{"id":9,"date":"2011-08-04T18:01:59","date_gmt":"2011-08-04T16:01:59","guid":{"rendered":"http:\/\/taschenfreak.de\/blog\/"},"modified":"2018-05-16T10:59:31","modified_gmt":"2018-05-16T08:59:31","slug":"uebertaschenfreak","status":"publish","type":"page","link":"https:\/\/taschenfreak.de\/blog\/uebertaschenfreak\/","title":{"rendered":"\u00dcber Taschenfreak.de"},"content":{"rendered":"<p style=\"text-align: center;\">Du suchst Bilder und Erfahrungen und Informationen zu<strong><br \/>\nFOTOTASCHEN &amp; FOTORUCKS\u00c4CKEN &amp; FOTOKOFFERN<br \/>\n<\/strong>dann bist Du hier richtig! Hier findest Du \u00fcber 8.000 Fotos von Taschen<br \/>\nund sehr viele zus\u00e4tzliche Informationen&#8230;<\/p>\n<p>Du suchst eine&nbsp;<strong>Fototasche<\/strong> oder einen Fotorucksack und findest keine Bilder dazu &#8230; hier bei www.taschenfreak.de ist Deine Chance am gr\u00f6\u00dften, Bilder und Informationen dazu zu finden! Diese Bilder wurden von mir, meiner Frau, den Usern aus Fotoforen,&nbsp;Online Communities&nbsp;und vielen Freunden sowie auch direkt von den H\u00e4ndlern und Herstellern gemacht und netterweise zur Verf\u00fcgung gestellt, damit Du als Besucher der www.taschenfreak.de Deine richtige Taschenentscheidung treffen kannst!<\/p>\n<p>Fototaschen und Transport Equipment von A bis Z, von Aldi, \u00fcber Crumpler, Domke, Holst \u00fcber Kata und K\u00f6nig, zu Lowepro, Rimowa, Tamrac, Tenba, Think Tank Photo, Walimex bis hin zu Zarges. (um nur einige wenige zu nennen)<\/p>\n<p>Diese Page lebt von den Einsendungen und Ihren Berichten der einzelnen Anwender &#8211; wir freuen uns auf Deine Taschenbilder und Du hilfst damit jedem der ein entsprechendes Transportequipment sucht, die richtige Kaufentscheidung zu treffen.<\/p>\n<hr>\n<p><strong>Wichtiger Hinweis in Sachen &#8222;Werbung&#8220;<\/strong><\/p>\n<p>Meine Blogbeitr\u00e4ge und Videos sind Gluten-, Glukose- und Laktosefrei, k\u00f6nnen aber Spuren von Werbung beinhalten da ich die Artikel ab und zu kostenlos zur Verf\u00fcgung gestellt bekomme.<\/p>\n<p>Meine Meinung ist frei von kommerziellen Einfl\u00fcssen, kann aber Spuren von Sarkasmus oder Ironie beinhalten.<\/p>\n<p>Dieser Blog verfolgt keine kommerziellen Absichten. Die meisten mir zur Verf\u00fcgung gestellten Taschen verschenke ich oder verlose die f\u00fcr gute Zwecke. Meine treuen Leser wissen das seit Jahren. Ich betreibe diesen Blog aus Spa\u00df an der Sache und nicht aus kommerziellen Absichten. Das mag in der heutigen Zeit eher ungew\u00f6hnlich sein. Mit diesem Schock m\u00fcsst Ihr leider zurecht kommen.<\/p>\n<hr>\n<p>Dieses Page ist weder kommerziell noch wird diese gesch\u00e4ftlich genutzt. Wir sind Privatpersonen die Ihre Erfahrungen und die der anderen Teilen und diese Online zur Verf\u00fcgung stellen.<\/p>\n<p>Hier geht es nicht um Online-Shopping, Umsatz und Marge- sondern um Bilder und Erfahrungen der einzelnen User \u2013 einen Warenkorb oder einen \u201cBestellen-Button\u201d wirst Duhier vergeblich suchen.<\/p>\n<p>Daf\u00fcr kannst Du gerne unsere empfohlenen H\u00e4ndler kontaktieren, deren Banner Du auf vielen Seiten auf Taschenfreak.de findest.<\/p>\n","protected":false},"excerpt":{"rendered":"<p>Du suchst Bilder und Erfahrungen und Informationen zu FOTOTASCHEN &amp; FOTORUCKS\u00c4CKEN &amp; FOTOKOFFERN dann bist Du hier richtig! Hier findest Du \u00fcber 8.000 Fotos von Taschen und sehr viele zus\u00e4tzliche Informationen&#8230; Du suchst eine&nbsp;Fototasche oder einen Fotorucksack und findest keine Bilder dazu &#8230; hier bei www.taschenfreak.de ist Deine Chance am gr\u00f6\u00dften, Bilder und Informationen dazu&hellip;<\/p>\n","protected":false},"author":3,"featured_media":0,"parent":0,"menu_order":10,"comment_status":"closed","ping_status":"closed","template":"","meta":{"ngg_post_thumbnail":0,"footnotes":"","_links_to":"","_links_to_target":""},"class_list":["post-9","page","type-page","status-publish","hentry"],"jetpack_shortlink":"https:\/\/wp.me\/P4GMND-9","jetpack_sharing_enabled":true,"_links":{"self":[{"href":"https:\/\/taschenfreak.de\/blog\/wp-json\/wp\/v2\/pages\/9","targetHints":{"allow":["GET"]}}],"collection":[{"href":"https:\/\/taschenfreak.de\/blog\/wp-json\/wp\/v2\/pages"}],"about":[{"href":"https:\/\/taschenfreak.de\/blog\/wp-json\/wp\/v2\/types\/page"}],"author":[{"embeddable":true,"href":"https:\/\/taschenfreak.de\/blog\/wp-json\/wp\/v2\/users\/3"}],"replies":[{"embeddable":true,"href":"https:\/\/taschenfreak.de\/blog\/wp-json\/wp\/v2\/comments?post=9"}],"version-history":[{"count":0,"href":"https:\/\/taschenfreak.de\/blog\/wp-json\/wp\/v2\/pages\/9\/revisions"}],"wp:attachment":[{"href":"https:\/\/taschenfreak.de\/blog\/wp-json\/wp\/v2\/media?parent=9"}],"curies":[{"name":"wp","href":"https:\/\/api.w.org\/{rel}","templated":true}]}}